{"id":1002,"date":"2020-03-01T00:00:00","date_gmt":"2020-02-29T23:00:00","guid":{"rendered":"https:\/\/www.technaid.com\/investigacion\/2020-03-terapia-robotica-con-el-exoesqueleto-h2-en-la-rehabilitacion-de-la-marcha-en-pacientes-con-lesion-medular-incompleta-una-experiencia-clinica\/"},"modified":"2020-05-05T00:00:00","modified_gmt":"2020-05-04T22:00:00","slug":"2020-03-terapia-robotica-con-el-exoesqueleto-h2-en-la-rehabilitacion-de-la-marcha-en-pacientes-con-lesion-medular-incompleta-una-experiencia-clinica","status":"publish","type":"page","link":"https:\/\/www.technaid.com\/es\/publicaciones\/2020-03-terapia-robotica-con-el-exoesqueleto-h2-en-la-rehabilitacion-de-la-marcha-en-pacientes-con-lesion-medular-incompleta-una-experiencia-clinica\/","title":{"rendered":"2020\/03 Terapia rob\u00f3tica con el exoesqueleto H2 en la rehabilitaci\u00f3n de la marcha en pacientes con lesi\u00f3n medular incompleta. Una experiencia cl\u00ednica"},"content":{"rendered":"<h3><strong>2020\/03 Terapia rob\u00f3tica con el exoesqueleto H2 en la rehabilitaci\u00f3n de la marcha en pacientes con lesi\u00f3n medular incompleta. Una experiencia cl\u00ednica.<\/strong><\/h3>\n<p><em>\u00ab<strong>Antecedentes y objetivo<\/strong><\/em><\/p>\n<p><em>Los exoesqueletos robotizados han aparecido como una herramienta prometedora en la rehabilitaci\u00f3n de la marcha de pacientes con lesi\u00f3n medular. El objetivo es valorar la aplicabilidad en un entorno cl\u00ednico de un nuevo modelo de exoesqueleto robotizado (Exo H2) en la rehabilitaci\u00f3n de la marcha de personas con lesi\u00f3n medular incompleta.<\/em><\/p>\n<p><strong><em>Material y m\u00e9todos<\/em><\/strong><\/p>\n<p><em>Se realiz\u00f3 el entrenamiento con el exoesqueleto Exo H2 durante 15 sesiones a pacientes con lesi\u00f3n medular incompleta subaguda. Se analizaron la aparici\u00f3n de eventos no deseados, la percepci\u00f3n del paciente en cuanto a dolor, fatiga y comodidad. Adem\u00e1s, se realiz\u00f3 una prueba piloto sobre la posible eficacia del dispositivo analizando las caracter\u00edsticas de la marcha antes y despu\u00e9s del tratamiento medidas por el 10mWT, el 6mWT, el TUG, el WISCI-II, y la repercusi\u00f3n en la escala SCIM III.<\/em><\/p>\n<p><strong><em>Resultados<\/em><\/strong><\/p>\n<p><em>De los 8 pacientes reclutados, se pudieron analizar los datos de 4. No se report\u00f3 ning\u00fan efecto no deseado. El valor de EVA sobre el dolor fue de 2,28\u00b11,55; sobre la fatiga fue de 3,75\u00b11,55 y la comodidad fue de 4,17\u00b11,68. Todos mejoraron en el WISCI-II, en el TUG y casi todos en el 10MWT y en el 6MWT.<\/em><\/p>\n<p><strong><em>Conclusiones<\/em><\/strong><\/p>\n<p><em>El funcionamiento del exoesqueleto Exo H2 fue consistente durante un protocolo cl\u00ednico de rehabilitaci\u00f3n de la marcha. Se mostr\u00f3 como una terapia segura, sin efectos no deseados y con buena tolerancia por parte de los pacientes. Estos resultados justifican la realizaci\u00f3n de ensayos cl\u00ednicos con un tama\u00f1o muestral adecuado.\u00bb<\/em><\/p>\n<p>Link:<\/p>\n<p><a href=\"https:\/\/www.elsevier.es\/es-revista-rehabilitacion-120-articulo-terapia-robotica-con-el-exoesqueleto-S004871201930088X\" target=\"_blank\" rel=\"noopener noreferrer\">https:\/\/www.elsevier.es\/es-revista-rehabilitacion-120-articulo-terapia-robotica-con-el-exoesqueleto-S004871201930088X<\/a><\/p>\n","protected":false},"excerpt":{"rendered":"<p>2020\/03 Terapia rob\u00f3tica con el exoesqueleto H2 en la rehabilitaci\u00f3n de la marcha en pacientes con lesi\u00f3n medular incompleta. Una experiencia cl\u00ednica. \u00abAntecedentes y objetivo Los exoesqueletos robotizados han aparecido [&hellip;]<\/p>\n","protected":false},"author":1,"featured_media":0,"parent":968,"menu_order":0,"comment_status":"closed","ping_status":"closed","template":"","meta":{"_acf_changed":false,"_et_pb_use_builder":"","_et_pb_old_content":"","_et_gb_content_width":"","footnotes":""},"page-category":[],"class_list":["post-1002","page","type-page","status-publish","hentry"],"acf":[],"yoast_head":"<!-- This site is optimized with the Yoast SEO plugin v27.5 - https:\/\/yoast.com\/product\/yoast-seo-wordpress\/ -->\n<title>2020\/03 Terapia rob\u00f3tica con el exoesqueleto H2 en la rehabilitaci\u00f3n de la marcha en pacientes con lesi\u00f3n medular incompleta. Una experiencia cl\u00ednica - Technaid<\/title>\n<meta name=\"robots\" content=\"index, follow, max-snippet:-1, max-image-preview:large, max-video-preview:-1\" \/>\n<link rel=\"canonical\" href=\"https:\/\/www.technaid.com\/es\/publicaciones\/2020-03-terapia-robotica-con-el-exoesqueleto-h2-en-la-rehabilitacion-de-la-marcha-en-pacientes-con-lesion-medular-incompleta-una-experiencia-clinica\/\" \/>\n<meta property=\"og:locale\" content=\"es_ES\" \/>\n<meta property=\"og:type\" content=\"article\" \/>\n<meta property=\"og:title\" content=\"2020\/03 Terapia rob\u00f3tica con el exoesqueleto H2 en la rehabilitaci\u00f3n de la marcha en pacientes con lesi\u00f3n medular incompleta. Una experiencia cl\u00ednica - Technaid\" \/>\n<meta property=\"og:description\" content=\"2020\/03 Terapia rob\u00f3tica con el exoesqueleto H2 en la rehabilitaci\u00f3n de la marcha en pacientes con lesi\u00f3n medular incompleta. Una experiencia cl\u00ednica. \u00abAntecedentes y objetivo Los exoesqueletos robotizados han aparecido [&hellip;]\" \/>\n<meta property=\"og:url\" content=\"https:\/\/www.technaid.com\/es\/publicaciones\/2020-03-terapia-robotica-con-el-exoesqueleto-h2-en-la-rehabilitacion-de-la-marcha-en-pacientes-con-lesion-medular-incompleta-una-experiencia-clinica\/\" \/>\n<meta property=\"og:site_name\" content=\"Technaid\" \/>\n<meta property=\"article:publisher\" content=\"https:\/\/www.facebook.com\/technaid\/\" \/>\n<meta property=\"article:modified_time\" content=\"2020-05-04T22:00:00+00:00\" \/>\n<meta name=\"twitter:card\" content=\"summary_large_image\" \/>\n<meta name=\"twitter:site\" content=\"@Technaid\" \/>\n<meta name=\"twitter:label1\" content=\"Tiempo de lectura\" \/>\n\t<meta name=\"twitter:data1\" content=\"1 minuto\" \/>\n<script type=\"application\/ld+json\" class=\"yoast-schema-graph\">{\"@context\":\"https:\\\/\\\/schema.org\",\"@graph\":[{\"@type\":\"WebPage\",\"@id\":\"https:\\\/\\\/www.technaid.com\\\/es\\\/publicaciones\\\/2020-03-terapia-robotica-con-el-exoesqueleto-h2-en-la-rehabilitacion-de-la-marcha-en-pacientes-con-lesion-medular-incompleta-una-experiencia-clinica\\\/\",\"url\":\"https:\\\/\\\/www.technaid.com\\\/es\\\/publicaciones\\\/2020-03-terapia-robotica-con-el-exoesqueleto-h2-en-la-rehabilitacion-de-la-marcha-en-pacientes-con-lesion-medular-incompleta-una-experiencia-clinica\\\/\",\"name\":\"2020\\\/03 Terapia rob\u00f3tica con el exoesqueleto H2 en la rehabilitaci\u00f3n de la marcha en pacientes con lesi\u00f3n medular incompleta. Una experiencia cl\u00ednica - Technaid\",\"isPartOf\":{\"@id\":\"https:\\\/\\\/www.technaid.com\\\/es\\\/#website\"},\"datePublished\":\"2020-02-29T23:00:00+00:00\",\"dateModified\":\"2020-05-04T22:00:00+00:00\",\"breadcrumb\":{\"@id\":\"https:\\\/\\\/www.technaid.com\\\/es\\\/publicaciones\\\/2020-03-terapia-robotica-con-el-exoesqueleto-h2-en-la-rehabilitacion-de-la-marcha-en-pacientes-con-lesion-medular-incompleta-una-experiencia-clinica\\\/#breadcrumb\"},\"inLanguage\":\"es\",\"potentialAction\":[{\"@type\":\"ReadAction\",\"target\":[\"https:\\\/\\\/www.technaid.com\\\/es\\\/publicaciones\\\/2020-03-terapia-robotica-con-el-exoesqueleto-h2-en-la-rehabilitacion-de-la-marcha-en-pacientes-con-lesion-medular-incompleta-una-experiencia-clinica\\\/\"]}]},{\"@type\":\"BreadcrumbList\",\"@id\":\"https:\\\/\\\/www.technaid.com\\\/es\\\/publicaciones\\\/2020-03-terapia-robotica-con-el-exoesqueleto-h2-en-la-rehabilitacion-de-la-marcha-en-pacientes-con-lesion-medular-incompleta-una-experiencia-clinica\\\/#breadcrumb\",\"itemListElement\":[{\"@type\":\"ListItem\",\"position\":1,\"name\":\"Home\",\"item\":\"https:\\\/\\\/www.technaid.com\\\/es\\\/\"},{\"@type\":\"ListItem\",\"position\":2,\"name\":\"Publicaciones\",\"item\":\"https:\\\/\\\/www.technaid.com\\\/es\\\/publicaciones\\\/\"},{\"@type\":\"ListItem\",\"position\":3,\"name\":\"2020\\\/03 Terapia rob\u00f3tica con el exoesqueleto H2 en la rehabilitaci\u00f3n de la marcha en pacientes con lesi\u00f3n medular incompleta. Una experiencia cl\u00ednica\"}]},{\"@type\":\"WebSite\",\"@id\":\"https:\\\/\\\/www.technaid.com\\\/es\\\/#website\",\"url\":\"https:\\\/\\\/www.technaid.com\\\/es\\\/\",\"name\":\"Technaid\",\"description\":\"Leading Motion\",\"publisher\":{\"@id\":\"https:\\\/\\\/www.technaid.com\\\/es\\\/#organization\"},\"potentialAction\":[{\"@type\":\"SearchAction\",\"target\":{\"@type\":\"EntryPoint\",\"urlTemplate\":\"https:\\\/\\\/www.technaid.com\\\/es\\\/?s={search_term_string}\"},\"query-input\":{\"@type\":\"PropertyValueSpecification\",\"valueRequired\":true,\"valueName\":\"search_term_string\"}}],\"inLanguage\":\"es\"},{\"@type\":\"Organization\",\"@id\":\"https:\\\/\\\/www.technaid.com\\\/es\\\/#organization\",\"name\":\"Technaid, S.L.\",\"url\":\"https:\\\/\\\/www.technaid.com\\\/es\\\/\",\"logo\":{\"@type\":\"ImageObject\",\"inLanguage\":\"es\",\"@id\":\"https:\\\/\\\/www.technaid.com\\\/es\\\/#\\\/schema\\\/logo\\\/image\\\/\",\"url\":\"https:\\\/\\\/www.technaid.com\\\/wp-content\\\/uploads\\\/2025\\\/06\\\/LogoTechnaid.jpg\",\"contentUrl\":\"https:\\\/\\\/www.technaid.com\\\/wp-content\\\/uploads\\\/2025\\\/06\\\/LogoTechnaid.jpg\",\"width\":251,\"height\":193,\"caption\":\"Technaid, S.L.\"},\"image\":{\"@id\":\"https:\\\/\\\/www.technaid.com\\\/es\\\/#\\\/schema\\\/logo\\\/image\\\/\"},\"sameAs\":[\"https:\\\/\\\/www.facebook.com\\\/technaid\\\/\",\"https:\\\/\\\/x.com\\\/Technaid\",\"https:\\\/\\\/es.linkedin.com\\\/company\\\/technaid\",\"https:\\\/\\\/www.instagram.com\\\/technaid_company\\\/\"]}]}<\/script>\n<!-- \/ Yoast SEO plugin. -->","yoast_head_json":{"title":"2020\/03 Terapia rob\u00f3tica con el exoesqueleto H2 en la rehabilitaci\u00f3n de la marcha en pacientes con lesi\u00f3n medular incompleta. Una experiencia cl\u00ednica - Technaid","robots":{"index":"index","follow":"follow","max-snippet":"max-snippet:-1","max-image-preview":"max-image-preview:large","max-video-preview":"max-video-preview:-1"},"canonical":"https:\/\/www.technaid.com\/es\/publicaciones\/2020-03-terapia-robotica-con-el-exoesqueleto-h2-en-la-rehabilitacion-de-la-marcha-en-pacientes-con-lesion-medular-incompleta-una-experiencia-clinica\/","og_locale":"es_ES","og_type":"article","og_title":"2020\/03 Terapia rob\u00f3tica con el exoesqueleto H2 en la rehabilitaci\u00f3n de la marcha en pacientes con lesi\u00f3n medular incompleta. Una experiencia cl\u00ednica - Technaid","og_description":"2020\/03 Terapia rob\u00f3tica con el exoesqueleto H2 en la rehabilitaci\u00f3n de la marcha en pacientes con lesi\u00f3n medular incompleta. Una experiencia cl\u00ednica. \u00abAntecedentes y objetivo Los exoesqueletos robotizados han aparecido [&hellip;]","og_url":"https:\/\/www.technaid.com\/es\/publicaciones\/2020-03-terapia-robotica-con-el-exoesqueleto-h2-en-la-rehabilitacion-de-la-marcha-en-pacientes-con-lesion-medular-incompleta-una-experiencia-clinica\/","og_site_name":"Technaid","article_publisher":"https:\/\/www.facebook.com\/technaid\/","article_modified_time":"2020-05-04T22:00:00+00:00","twitter_card":"summary_large_image","twitter_site":"@Technaid","twitter_misc":{"Tiempo de lectura":"1 minuto"},"schema":{"@context":"https:\/\/schema.org","@graph":[{"@type":"WebPage","@id":"https:\/\/www.technaid.com\/es\/publicaciones\/2020-03-terapia-robotica-con-el-exoesqueleto-h2-en-la-rehabilitacion-de-la-marcha-en-pacientes-con-lesion-medular-incompleta-una-experiencia-clinica\/","url":"https:\/\/www.technaid.com\/es\/publicaciones\/2020-03-terapia-robotica-con-el-exoesqueleto-h2-en-la-rehabilitacion-de-la-marcha-en-pacientes-con-lesion-medular-incompleta-una-experiencia-clinica\/","name":"2020\/03 Terapia rob\u00f3tica con el exoesqueleto H2 en la rehabilitaci\u00f3n de la marcha en pacientes con lesi\u00f3n medular incompleta. Una experiencia cl\u00ednica - Technaid","isPartOf":{"@id":"https:\/\/www.technaid.com\/es\/#website"},"datePublished":"2020-02-29T23:00:00+00:00","dateModified":"2020-05-04T22:00:00+00:00","breadcrumb":{"@id":"https:\/\/www.technaid.com\/es\/publicaciones\/2020-03-terapia-robotica-con-el-exoesqueleto-h2-en-la-rehabilitacion-de-la-marcha-en-pacientes-con-lesion-medular-incompleta-una-experiencia-clinica\/#breadcrumb"},"inLanguage":"es","potentialAction":[{"@type":"ReadAction","target":["https:\/\/www.technaid.com\/es\/publicaciones\/2020-03-terapia-robotica-con-el-exoesqueleto-h2-en-la-rehabilitacion-de-la-marcha-en-pacientes-con-lesion-medular-incompleta-una-experiencia-clinica\/"]}]},{"@type":"BreadcrumbList","@id":"https:\/\/www.technaid.com\/es\/publicaciones\/2020-03-terapia-robotica-con-el-exoesqueleto-h2-en-la-rehabilitacion-de-la-marcha-en-pacientes-con-lesion-medular-incompleta-una-experiencia-clinica\/#breadcrumb","itemListElement":[{"@type":"ListItem","position":1,"name":"Home","item":"https:\/\/www.technaid.com\/es\/"},{"@type":"ListItem","position":2,"name":"Publicaciones","item":"https:\/\/www.technaid.com\/es\/publicaciones\/"},{"@type":"ListItem","position":3,"name":"2020\/03 Terapia rob\u00f3tica con el exoesqueleto H2 en la rehabilitaci\u00f3n de la marcha en pacientes con lesi\u00f3n medular incompleta. Una experiencia cl\u00ednica"}]},{"@type":"WebSite","@id":"https:\/\/www.technaid.com\/es\/#website","url":"https:\/\/www.technaid.com\/es\/","name":"Technaid","description":"Leading Motion","publisher":{"@id":"https:\/\/www.technaid.com\/es\/#organization"},"potentialAction":[{"@type":"SearchAction","target":{"@type":"EntryPoint","urlTemplate":"https:\/\/www.technaid.com\/es\/?s={search_term_string}"},"query-input":{"@type":"PropertyValueSpecification","valueRequired":true,"valueName":"search_term_string"}}],"inLanguage":"es"},{"@type":"Organization","@id":"https:\/\/www.technaid.com\/es\/#organization","name":"Technaid, S.L.","url":"https:\/\/www.technaid.com\/es\/","logo":{"@type":"ImageObject","inLanguage":"es","@id":"https:\/\/www.technaid.com\/es\/#\/schema\/logo\/image\/","url":"https:\/\/www.technaid.com\/wp-content\/uploads\/2025\/06\/LogoTechnaid.jpg","contentUrl":"https:\/\/www.technaid.com\/wp-content\/uploads\/2025\/06\/LogoTechnaid.jpg","width":251,"height":193,"caption":"Technaid, S.L."},"image":{"@id":"https:\/\/www.technaid.com\/es\/#\/schema\/logo\/image\/"},"sameAs":["https:\/\/www.facebook.com\/technaid\/","https:\/\/x.com\/Technaid","https:\/\/es.linkedin.com\/company\/technaid","https:\/\/www.instagram.com\/technaid_company\/"]}]}},"_links":{"self":[{"href":"https:\/\/www.technaid.com\/es\/wp-json\/wp\/v2\/pages\/1002","targetHints":{"allow":["GET"]}}],"collection":[{"href":"https:\/\/www.technaid.com\/es\/wp-json\/wp\/v2\/pages"}],"about":[{"href":"https:\/\/www.technaid.com\/es\/wp-json\/wp\/v2\/types\/page"}],"author":[{"embeddable":true,"href":"https:\/\/www.technaid.com\/es\/wp-json\/wp\/v2\/users\/1"}],"replies":[{"embeddable":true,"href":"https:\/\/www.technaid.com\/es\/wp-json\/wp\/v2\/comments?post=1002"}],"version-history":[{"count":0,"href":"https:\/\/www.technaid.com\/es\/wp-json\/wp\/v2\/pages\/1002\/revisions"}],"up":[{"embeddable":true,"href":"https:\/\/www.technaid.com\/es\/wp-json\/wp\/v2\/pages\/968"}],"wp:attachment":[{"href":"https:\/\/www.technaid.com\/es\/wp-json\/wp\/v2\/media?parent=1002"}],"wp:term":[{"taxonomy":"page-category","embeddable":true,"href":"https:\/\/www.technaid.com\/es\/wp-json\/wp\/v2\/page-category?post=1002"}],"curies":[{"name":"wp","href":"https:\/\/api.w.org\/{rel}","templated":true}]}}