{"id":1891,"date":"2019-08-06T00:00:00","date_gmt":"2019-08-05T22:00:00","guid":{"rendered":"https:\/\/www.technaid.com\/investigacion\/"},"modified":"2024-10-15T13:52:45","modified_gmt":"2024-10-15T11:52:45","slug":"investigacion","status":"publish","type":"page","link":"https:\/\/www.technaid.com\/es\/investigacion\/","title":{"rendered":"Investigaci\u00f3n"},"content":{"rendered":"<p>[et_pb_section fb_built=\u00bb1&#8243; _builder_version=\u00bb4.27.2&#8243; _module_preset=\u00bbdefault\u00bb background_enable_color=\u00bboff\u00bb background_image=\u00bbhttps:\/\/www.technaid.com\/wp-content\/uploads\/2024\/03\/EurBnch_Technaid_1_1920.jpg\u00bb background_size=\u00bbcustom\u00bb background_position=\u00bbcenter_left\u00bb background_horizontal_offset=\u00bb77%\u00bb min_height=\u00bb450px\u00bb locked=\u00bboff\u00bb global_colors_info=\u00bb{}\u00bb][et_pb_row _builder_version=\u00bb4.27.2&#8243; _module_preset=\u00bbdefault\u00bb width=\u00bb100%\u00bb global_colors_info=\u00bb{}\u00bb][et_pb_column type=\u00bb4_4&#8243; _builder_version=\u00bb4.24.2&#8243; _module_preset=\u00bbdefault\u00bb global_colors_info=\u00bb{}\u00bb][et_pb_text module_class=\u00bbtitle-con-borde\u00bb _builder_version=\u00bb4.27.2&#8243; _module_preset=\u00bbdefault\u00bb header_text_color=\u00bb#FFFFFF\u00bb header_3_font=\u00bb|800|||||||\u00bb header_3_text_color=\u00bb#324991&#8243; header_3_font_size=\u00bb18px\u00bb custom_margin=\u00bb||1em||false|false\u00bb global_colors_info=\u00bb{}\u00bb]<\/p>\n<h1>Investigaci\u00f3n con Exoesqueletos<\/h1>\n<p>[\/et_pb_text][et_pb_text _builder_version=\u00bb4.27.2&#8243; _module_preset=\u00bbdefault\u00bb header_2_font=\u00bb|800|||||||\u00bb header_2_text_color=\u00bb#FFFFFF\u00bb header_2_font_size=\u00bb34px\u00bb header_2_line_height=\u00bb1.4em\u00bb max_width=\u00bb30em\u00bb global_colors_info=\u00bb{}\u00bb]<\/p>\n<h2>Tenemos el exoesqueleto para investigaci\u00f3n m\u00e1s avanzado<\/h2>\n<p>[\/et_pb_text][et_pb_button button_url=\u00bb@ET-DC@eyJkeW5hbWljIjp0cnVlLCJjb250ZW50IjoicG9zdF9saW5rX3VybF9wYWdlIiwic2V0dGluZ3MiOnsicG9zdF9pZCI6IjIyMzYiLCJlbmFibGVfaHRtbCI6Im9mZiJ9fQ==@\u00bb button_text=\u00bbContacto\u00bb _builder_version=\u00bb4.27.2&#8243; _dynamic_attributes=\u00bbbutton_url\u00bb _module_preset=\u00bbdefault\u00bb custom_button=\u00bbon\u00bb button_text_size=\u00bb18px\u00bb button_text_color=\u00bb#FFFFFF\u00bb button_bg_color=\u00bb#324991&#8243; button_font=\u00bb|600|||||||\u00bb box_shadow_style=\u00bbpreset2&#8243; global_colors_info=\u00bb{}\u00bb][\/et_pb_button][\/et_pb_column][\/et_pb_row][\/et_pb_section][et_pb_section fb_built=\u00bb1&#8243; _builder_version=\u00bb4.25.1&#8243; _module_preset=\u00bbdefault\u00bb global_colors_info=\u00bb{}\u00bb][et_pb_row _builder_version=\u00bb4.27.2&#8243; _module_preset=\u00bbdefault\u00bb global_colors_info=\u00bb{}\u00bb][et_pb_column type=\u00bb4_4&#8243; _builder_version=\u00bb4.27.2&#8243; _module_preset=\u00bbdefault\u00bb global_colors_info=\u00bb{}\u00bb][et_pb_text module_class=\u00bbtitle-con-borde\u00bb _builder_version=\u00bb4.27.2&#8243; _module_preset=\u00bbdefault\u00bb header_3_font=\u00bb|800|||||||\u00bb header_3_text_color=\u00bb#324991&#8243; header_3_font_size=\u00bb18px\u00bb custom_margin=\u00bb||1em||false|false\u00bb global_colors_info=\u00bb{}\u00bb]<\/p>\n<h3>Investigaci\u00f3n cient\u00edfica<\/h3>\n<p>[\/et_pb_text][et_pb_text _builder_version=\u00bb4.27.2&#8243; _module_preset=\u00bbdefault\u00bb header_2_font=\u00bb|800|||||||\u00bb header_2_text_color=\u00bb#324991&#8243; global_colors_info=\u00bb{}\u00bb]<\/p>\n<h2>Lidere la investigaci\u00f3n mundial sobre rehabilitaci\u00f3n y biomec\u00e1nica con nuestro exoesqueleto para investigadores<\/h2>\n<p><strong><span>Investigadores <\/span>de renombre mundial <\/strong><span>como el<\/span> <span><a href=\"https:\/\/uwaterloo.ca\/motion-research-group\/\">Grupo de Investigaci\u00f3n del Movimiento<\/a> del Prof. John McPhee (Canad\u00e1)<\/span>, el <span><a href=\"https:\/\/www.vistec.ac.th\/frontier_research\/research_profile.php?u=U039\">Grupo de Investigaci\u00f3n<\/a><\/span> del Prof. Poramate Manoonpong (Tailandia) <span>o el del Prof. Sethu Vijayakumar, SLMC Group &#8211; <a href=\"https:\/\/web.inf.ed.ac.uk\/slmc\">The University of Edinbourgh<\/a> (Reino Unido) ya est\u00e1n liderando <strong>investigaciones de alta calidad <\/strong>en los campos de la biomec\u00e1nica y la rob\u00f3tica. Encuentra aqu\u00ed todos los detalles m\u00e1s sobre este dispositivo rob\u00f3tico vestible, el \u00fanico exoesqueleto dise\u00f1ado espec\u00edficamente para fines de investigaci\u00f3n.  <\/span><\/p>\n<p>Este dise\u00f1o espec\u00edfico para la investigaci\u00f3n, teniendo en cuenta las condiciones de laboratorio, se aprecia en a) su adaptabilidad a una amplia variedad de tama\u00f1os para acomodar a diferentes individuos durante los experimentos y b) su f\u00e1cil integraci\u00f3n y sincronizaci\u00f3n con sistemas de terceros a trav\u00e9s de Matlab o ROS.<\/p>\n<p>[\/et_pb_text][\/et_pb_column][\/et_pb_row][et_pb_row column_structure=\u00bb1_3,1_3,1_3&#8243; _builder_version=\u00bb4.27.2&#8243; _module_preset=\u00bbdefault\u00bb global_colors_info=\u00bb{}\u00bb][et_pb_column type=\u00bb1_3&#8243; _builder_version=\u00bb4.27.2&#8243; _module_preset=\u00bbdefault\u00bb global_colors_info=\u00bb{}\u00bb][et_pb_image src=\u00bbhttps:\/\/www.technaid.com\/wp-content\/uploads\/2024\/06\/The-university-of-edinburgh-logo.jpg\u00bb alt=\u00bbEdinburgh University Logo\u00bb title_text=\u00bbThe-university-of-edinburgh-logo\u00bb _builder_version=\u00bb4.27.2&#8243; _module_preset=\u00bbdefault\u00bb global_colors_info=\u00bb{}\u00bb][\/et_pb_image][\/et_pb_column][et_pb_column type=\u00bb1_3&#8243; _builder_version=\u00bb4.27.2&#8243; _module_preset=\u00bbdefault\u00bb global_colors_info=\u00bb{}\u00bb][et_pb_image src=\u00bbhttps:\/\/www.technaid.com\/wp-content\/uploads\/2024\/06\/ShirleyRyanAbilityLab-Logo.jpg\u00bb alt=\u00bbShirley Ryan Ability Lab Logo\u00bb title_text=\u00bbShirleyRyanAbilityLab-Logo\u00bb _builder_version=\u00bb4.27.2&#8243; _module_preset=\u00bbdefault\u00bb global_colors_info=\u00bb{}\u00bb][\/et_pb_image][\/et_pb_column][et_pb_column type=\u00bb1_3&#8243; _builder_version=\u00bb4.27.2&#8243; _module_preset=\u00bbdefault\u00bb global_colors_info=\u00bb{}\u00bb][et_pb_image src=\u00bbhttps:\/\/www.technaid.com\/wp-content\/uploads\/2024\/06\/University-of-Alberta-Logo.jpg\u00bb alt=\u00bbUniversity of Alberta Logo\u00bb title_text=\u00bbUniversity-of-Alberta-Logo\u00bb _builder_version=\u00bb4.27.2&#8243; _module_preset=\u00bbdefault\u00bb global_colors_info=\u00bb{}\u00bb][\/et_pb_image][\/et_pb_column][\/et_pb_row][et_pb_row _builder_version=\u00bb4.27.2&#8243; _module_preset=\u00bbdefault\u00bb global_colors_info=\u00bb{}\u00bb][et_pb_column type=\u00bb4_4&#8243; _builder_version=\u00bb4.27.2&#8243; _module_preset=\u00bbdefault\u00bb global_colors_info=\u00bb{}\u00bb][et_pb_button button_url=\u00bb@ET-DC@eyJkeW5hbWljIjp0cnVlLCJjb250ZW50IjoicG9zdF9saW5rX3VybF9wYWdlIiwic2V0dGluZ3MiOnsicG9zdF9pZCI6Ijc4MyIsImVuYWJsZV9odG1sIjoib2ZmIn19@\u00bb button_text=\u00bbM\u00e1s Clientes\u00bb button_alignment=\u00bbcenter\u00bb _builder_version=\u00bb4.27.2&#8243; _dynamic_attributes=\u00bbbutton_url\u00bb _module_preset=\u00bbdefault\u00bb custom_button=\u00bbon\u00bb button_text_size=\u00bb18px\u00bb button_text_color=\u00bb#FFFFFF\u00bb button_bg_color=\u00bb#324991&#8243; button_font=\u00bb|600|||||||\u00bb custom_margin=\u00bb0px|2rem|0px||false|false\u00bb custom_css_free_form=\u00bbselector {min-width:230px;}\u00bb box_shadow_style=\u00bbpreset2&#8243; global_colors_info=\u00bb{}\u00bb][\/et_pb_button][\/et_pb_column][\/et_pb_row][\/et_pb_section][et_pb_section fb_built=\u00bb1&#8243; _builder_version=\u00bb4.25.1&#8243; _module_preset=\u00bbdefault\u00bb global_colors_info=\u00bb{}\u00bb][et_pb_row column_structure=\u00bb1_2,1_2&#8243; _builder_version=\u00bb4.25.1&#8243; _module_preset=\u00bbdefault\u00bb global_colors_info=\u00bb{}\u00bb][et_pb_column type=\u00bb1_2&#8243; _builder_version=\u00bb4.25.1&#8243; _module_preset=\u00bbdefault\u00bb global_colors_info=\u00bb{}\u00bb][et_pb_gallery gallery_ids=\u00bb1858,1860,1862,1864,1866,1868,1870,1872&#8243; fullwidth=\u00bbon\u00bb _builder_version=\u00bb4.25.1&#8243; _module_preset=\u00bbdefault\u00bb box_shadow_style=\u00bbpreset1&#8243; global_colors_info=\u00bb{}\u00bb][\/et_pb_gallery][\/et_pb_column][et_pb_column type=\u00bb1_2&#8243; _builder_version=\u00bb4.25.1&#8243; _module_preset=\u00bbdefault\u00bb global_colors_info=\u00bb{}\u00bb][et_pb_text module_class=\u00bbtitle-con-borde\u00bb _builder_version=\u00bb4.27.2&#8243; _module_preset=\u00bbdefault\u00bb header_3_font=\u00bb|800|||||||\u00bb header_3_text_color=\u00bb#324991&#8243; header_3_font_size=\u00bb18px\u00bb custom_margin=\u00bb||1em||false|false\u00bb global_colors_info=\u00bb{}\u00bb]<\/p>\n<h3>Caracter\u00edsticas del exoesqueleto<\/h3>\n<p>[\/et_pb_text][et_pb_text _builder_version=\u00bb4.27.2&#8243; _module_preset=\u00bbdefault\u00bb header_2_font=\u00bb|800|||||||\u00bb header_2_text_color=\u00bb#324991&#8243; global_colors_info=\u00bb{}\u00bb]<\/p>\n<h2>Un exoesqueleto dise\u00f1ado para investigadores<\/h2>\n<ul>\n<li><span> <\/span>Fijaci\u00f3n ajustable de las caderas en los planos sagital y frontal.<\/li>\n<li><span> <\/span>Dos sujeciones por segmento para garantizar una sujeci\u00f3n \u00f3ptima.<\/li>\n<li><span> <\/span>Dos sujeciones por segmento para garantizar una sujeci\u00f3n \u00f3ptima.<\/li>\n<li><span> <\/span>Manillares incluidos para asistir a la marcha.<\/li>\n<li><span> <\/span>Bater\u00eda intercambiable para un uso continuado.<\/li>\n<li><span> <\/span>Bot\u00f3n de parada de emergencia.<\/li>\n<li>Compatibilidad de comunicaci\u00f3n con plataformas de terceros (Matlab, ROS,&#8230;)<\/li>\n<li><span> <\/span>Aplicaci\u00f3n para dispositivo m\u00f3vil para la gesti\u00f3n de la marcha.<\/li>\n<\/ul>\n<p>[\/et_pb_text][\/et_pb_column][\/et_pb_row][\/et_pb_section][et_pb_section fb_built=\u00bb1&#8243; _builder_version=\u00bb4.27.2&#8243; _module_preset=\u00bbdefault\u00bb global_colors_info=\u00bb{}\u00bb][et_pb_row column_structure=\u00bb1_2,1_2&#8243; _builder_version=\u00bb4.27.2&#8243; _module_preset=\u00bbdefault\u00bb global_colors_info=\u00bb{}\u00bb][et_pb_column type=\u00bb1_2&#8243; _builder_version=\u00bb4.27.2&#8243; _module_preset=\u00bbdefault\u00bb global_colors_info=\u00bb{}\u00bb][et_pb_text module_class=\u00bbtitle-con-borde\u00bb _builder_version=\u00bb4.27.2&#8243; _module_preset=\u00bbdefault\u00bb header_3_font=\u00bb|800|||||||\u00bb header_3_text_color=\u00bb#324991&#8243; header_3_font_size=\u00bb18px\u00bb custom_margin=\u00bb||1em||false|false\u00bb global_colors_info=\u00bb{}\u00bb]<\/p>\n<h3>Sistema de Captura de Movimiento<\/h3>\n<p>[\/et_pb_text][et_pb_text _builder_version=\u00bb4.27.2&#8243; _module_preset=\u00bbdefault\u00bb header_2_font=\u00bb|800|||||||\u00bb header_2_text_color=\u00bb#324991&#8243; global_colors_info=\u00bb{}\u00bb]<\/p>\n<h2>Tech-MCS<\/h2>\n<p>El sistema <a href=\"https:\/\/www.technaid.com\/es\/productos\/motion-capture-system\/\">Tech-MCS<\/a> es un equipo basado en tecnolog\u00eda inercial que permite la captura del movimiento de todo el cuerpo en cualquier lugar que lo necesite. Con \u00e9l podr\u00e1 obtener datos estad\u00edsticos precisos sobre rangos articulares, velocidades angulares, etc. para sus investigaciones y publicaciones. Sus principales caracter\u00edsticas son velocidad de captura, bater\u00eda de larga duraci\u00f3n y fiabilidad.  <\/p>\n<p>[\/et_pb_text][\/et_pb_column][et_pb_column type=\u00bb1_2&#8243; _builder_version=\u00bb4.27.2&#8243; _module_preset=\u00bbdefault\u00bb global_colors_info=\u00bb{}\u00bb][et_pb_image src=\u00bbhttps:\/\/www.technaid.com\/wp-content\/uploads\/2024\/04\/Technaid-cintura2.jpg\u00bb _builder_version=\u00bb4.27.2&#8243; _module_preset=\u00bbdefault\u00bb hover_enabled=\u00bb0&#8243; global_colors_info=\u00bb{}\u00bb alt=\u00bbTech-MCS for research\u00bb title_text=\u00bbTechnaid-cintura2&#8243; sticky_enabled=\u00bb0&#8243;][\/et_pb_image][\/et_pb_column][\/et_pb_row][\/et_pb_section][et_pb_section fb_built=\u00bb1&#8243; _builder_version=\u00bb4.27.2&#8243; _module_preset=\u00bbdefault\u00bb global_colors_info=\u00bb{}\u00bb][et_pb_row column_structure=\u00bb1_2,1_2&#8243; _builder_version=\u00bb4.27.2&#8243; _module_preset=\u00bbdefault\u00bb global_colors_info=\u00bb{}\u00bb][et_pb_column type=\u00bb1_2&#8243; _builder_version=\u00bb4.27.2&#8243; _module_preset=\u00bbdefault\u00bb global_colors_info=\u00bb{}\u00bb][et_pb_text module_class=\u00bbtitle-con-borde\u00bb _builder_version=\u00bb4.27.2&#8243; _module_preset=\u00bbdefault\u00bb header_3_font=\u00bb|800|||||||\u00bb header_3_text_color=\u00bb#324991&#8243; header_3_font_size=\u00bb18px\u00bb custom_margin=\u00bb||1em||false|false\u00bb global_colors_info=\u00bb{}\u00bb]<\/p>\n<h3>Investigaci\u00f3n en (neuro)rehabilitaci\u00f3n<\/h3>\n<p>[\/et_pb_text][et_pb_text _builder_version=\u00bb4.27.2&#8243; _module_preset=\u00bbdefault\u00bb header_2_font=\u00bb|800|||||||\u00bb header_2_text_color=\u00bb#324991&#8243; global_colors_info=\u00bb{}\u00bb]<\/p>\n<h2>Publicaciones realizadas con nuestros dispositivos<\/h2>\n<p>Nuestros exoesqueletos han sido una herramienta fundamental en <strong>m\u00faltiples estudios<\/strong>, demostrando su eficacia y versatilidad en la <strong>investigaci\u00f3n de la rehabilitaci\u00f3n <\/strong>de la <strong>marcha<\/strong>, entre otros muchos campos de la medicina. La mayor\u00eda de los art\u00edculos publicados se centran en la <strong>neurorrehabilitaci\u00f3n<\/strong>, pero tambi\u00e9n en <strong>estrategias de control rob\u00f3tico<\/strong>.<br \/>Por otro lado, nuestro equipo de captura de movimiento tambi\u00e9n ha sido utilizado en numerosas investigaciones en neurrehabilitaci\u00f3n, rehabilitaci\u00f3n motora y de interfaces hombre-m\u00e1quina. <\/p>\n<p>[\/et_pb_text][et_pb_button button_url=\u00bb@ET-DC@eyJkeW5hbWljIjp0cnVlLCJjb250ZW50IjoicG9zdF9saW5rX3VybF9wYWdlIiwic2V0dGluZ3MiOnsicG9zdF9pZCI6IjIyMzYiLCJlbmFibGVfaHRtbCI6Im9mZiJ9fQ==@\u00bb button_text=\u00bbTodas las Publicaciones\u00bb button_alignment=\u00bbleft\u00bb _builder_version=\u00bb4.27.2&#8243; _dynamic_attributes=\u00bbbutton_url\u00bb _module_preset=\u00bbdefault\u00bb custom_button=\u00bbon\u00bb button_text_size=\u00bb18px\u00bb button_text_color=\u00bb#FFFFFF\u00bb button_bg_color=\u00bb#324991&#8243; button_font=\u00bb|600|||||||\u00bb custom_margin=\u00bb0px|2rem|0px||false|false\u00bb custom_css_free_form=\u00bbselector {min-width:230px;}\u00bb box_shadow_style=\u00bbpreset2&#8243; global_colors_info=\u00bb{}\u00bb][\/et_pb_button][\/et_pb_column][et_pb_column type=\u00bb1_2&#8243; _builder_version=\u00bb4.27.2&#8243; _module_preset=\u00bbdefault\u00bb global_colors_info=\u00bb{}\u00bb][et_pb_image src=\u00bbhttps:\/\/www.technaid.com\/wp-content\/uploads\/2024\/08\/Foto_Experimentos.jpg\u00bb _builder_version=\u00bb4.27.2&#8243; _module_preset=\u00bbdefault\u00bb hover_enabled=\u00bb0&#8243; global_colors_info=\u00bb{}\u00bb alt=\u00bbExperiments at UMH\u00bb title_text=\u00bbFoto_Experimentos\u00bb sticky_enabled=\u00bb0&#8243;][\/et_pb_image][\/et_pb_column][\/et_pb_row][\/et_pb_section][et_pb_section fb_built=\u00bb1&#8243; _builder_version=\u00bb4.27.2&#8243; _module_preset=\u00bbdefault\u00bb global_colors_info=\u00bb{}\u00bb][et_pb_row _builder_version=\u00bb4.27.2&#8243; _module_preset=\u00bbdefault\u00bb global_colors_info=\u00bb{}\u00bb][et_pb_column type=\u00bb4_4&#8243; _builder_version=\u00bb4.27.2&#8243; _module_preset=\u00bbdefault\u00bb global_colors_info=\u00bb{}\u00bb][et_pb_text module_class=\u00bbtitle-con-borde\u00bb _builder_version=\u00bb4.27.2&#8243; _module_preset=\u00bbdefault\u00bb header_3_font=\u00bb|800|||||||\u00bb header_3_text_color=\u00bb#324991&#8243; header_3_font_size=\u00bb18px\u00bb custom_margin=\u00bb||1em||false|false\u00bb global_colors_info=\u00bb{}\u00bb]<\/p>\n<h3>Documentaci\u00f3n<\/h3>\n<p>[\/et_pb_text][et_pb_text _builder_version=\u00bb4.27.2&#8243; _module_preset=\u00bbdefault\u00bb header_2_font=\u00bb|800|||||||\u00bb header_2_text_color=\u00bb#324991&#8243; global_colors_info=\u00bb{}\u00bb]<\/p>\n<h2> Documentaci\u00f3n actualizada para investigadores<\/h2>\n<p> Consulte la documentaci\u00f3n del Exoesqueleto Exo-H3 para obtener informaci\u00f3n completa sobre el traje rob\u00f3tico. Encuentre tambi\u00e9n toda la documentaci\u00f3n para el resto de nuestros dispositivos.[\/et_pb_text][\/et_pb_column][\/et_pb_row][et_pb_row _builder_version=\u00bb4.27.2&#8243; _module_preset=\u00bbdefault\u00bb global_colors_info=\u00bb{}\u00bb][et_pb_column type=\u00bb4_4&#8243; _builder_version=\u00bb4.27.2&#8243; _module_preset=\u00bbdefault\u00bb custom_css_free_form=\u00bbselector {||  display:flex;||  align-items:center;||  justify-content:center;||}\u00bb global_colors_info=\u00bb{}\u00bb][et_pb_button button_url=\u00bb@ET-DC@eyJkeW5hbWljIjp0cnVlLCJjb250ZW50IjoicG9zdF9saW5rX3VybF9wYWdlIiwic2V0dGluZ3MiOnsicG9zdF9pZCI6Ijc4OSIsImVuYWJsZV9odG1sIjoib2ZmIn19@\u00bb button_text=\u00bbDocumentaci\u00f3n\u00bb button_alignment=\u00bbcenter\u00bb _builder_version=\u00bb4.27.2&#8243; _dynamic_attributes=\u00bbbutton_url\u00bb _module_preset=\u00bbdefault\u00bb custom_button=\u00bbon\u00bb button_text_size=\u00bb18px\u00bb button_text_color=\u00bb#FFFFFF\u00bb button_bg_color=\u00bb#324991&#8243; button_font=\u00bb|600|||||||\u00bb custom_margin=\u00bb0px|2rem|0px||false|false\u00bb custom_css_free_form=\u00bbselector {min-width:230px;}\u00bb box_shadow_style=\u00bbpreset2&#8243; global_colors_info=\u00bb{}\u00bb][\/et_pb_button][et_pb_button button_url=\u00bb@ET-DC@eyJkeW5hbWljIjp0cnVlLCJjb250ZW50IjoicG9zdF9saW5rX3VybF9wYWdlIiwic2V0dGluZ3MiOnsicG9zdF9pZCI6IjgxMiIsImVuYWJsZV9odG1sIjoib2ZmIn19@\u00bb button_text=\u00bbContacto\u00bb button_alignment=\u00bbcenter\u00bb _builder_version=\u00bb4.27.2&#8243; _dynamic_attributes=\u00bbbutton_url\u00bb _module_preset=\u00bbdefault\u00bb custom_button=\u00bbon\u00bb button_text_size=\u00bb18px\u00bb button_text_color=\u00bb#FFFFFF\u00bb button_bg_color=\u00bb#324991&#8243; button_font=\u00bb|600|||||||\u00bb custom_margin=\u00bb|||2rem|false|false\u00bb custom_css_free_form=\u00bbselector {min-width:230px;}\u00bb box_shadow_style=\u00bbpreset2&#8243; global_colors_info=\u00bb{}\u00bb][\/et_pb_button][\/et_pb_column][\/et_pb_row][\/et_pb_section]<\/p>\n","protected":false},"excerpt":{"rendered":"<p>Investigaci\u00f3n con ExoesqueletosTenemos el exoesqueleto para investigaci\u00f3n m\u00e1s avanzadoInvestigaci\u00f3n cient\u00edficaLidere la investigaci\u00f3n mundial sobre rehabilitaci\u00f3n y biomec\u00e1nica con nuestro exoesqueleto para investigadores Investigadores de renombre mundial como el Grupo de [&hellip;]<\/p>\n","protected":false},"author":1,"featured_media":0,"parent":0,"menu_order":0,"comment_status":"open","ping_status":"closed","template":"","meta":{"_acf_changed":false,"_et_pb_use_builder":"on","_et_pb_old_content":"","_et_gb_content_width":"","footnotes":""},"page-category":[],"class_list":["post-1891","page","type-page","status-publish","hentry"],"acf":[],"yoast_head":"<!-- This site is optimized with the Yoast SEO plugin v27.5 - https:\/\/yoast.com\/product\/yoast-seo-wordpress\/ -->\n<title>Investigaci\u00f3n - Technaid<\/title>\n<meta name=\"robots\" content=\"index, follow, max-snippet:-1, max-image-preview:large, max-video-preview:-1\" \/>\n<link rel=\"canonical\" href=\"https:\/\/www.technaid.com\/es\/investigacion\/\" \/>\n<meta property=\"og:locale\" content=\"es_ES\" \/>\n<meta property=\"og:type\" content=\"article\" \/>\n<meta property=\"og:title\" content=\"Investigaci\u00f3n - Technaid\" \/>\n<meta property=\"og:description\" content=\"Investigaci\u00f3n con ExoesqueletosTenemos el exoesqueleto para investigaci\u00f3n m\u00e1s avanzadoInvestigaci\u00f3n cient\u00edficaLidere la investigaci\u00f3n mundial sobre rehabilitaci\u00f3n y biomec\u00e1nica con nuestro exoesqueleto para investigadores Investigadores de renombre mundial como el Grupo de [&hellip;]\" \/>\n<meta property=\"og:url\" content=\"https:\/\/www.technaid.com\/es\/investigacion\/\" \/>\n<meta property=\"og:site_name\" content=\"Technaid\" \/>\n<meta property=\"article:publisher\" content=\"https:\/\/www.facebook.com\/technaid\/\" \/>\n<meta property=\"article:modified_time\" content=\"2024-10-15T11:52:45+00:00\" \/>\n<meta name=\"twitter:card\" content=\"summary_large_image\" \/>\n<meta name=\"twitter:site\" content=\"@Technaid\" \/>\n<meta name=\"twitter:label1\" content=\"Tiempo de lectura\" \/>\n\t<meta name=\"twitter:data1\" content=\"9 minutos\" \/>\n<script type=\"application\/ld+json\" class=\"yoast-schema-graph\">{\"@context\":\"https:\\\/\\\/schema.org\",\"@graph\":[{\"@type\":\"WebPage\",\"@id\":\"https:\\\/\\\/www.technaid.com\\\/es\\\/investigacion\\\/\",\"url\":\"https:\\\/\\\/www.technaid.com\\\/es\\\/investigacion\\\/\",\"name\":\"Investigaci\u00f3n - Technaid\",\"isPartOf\":{\"@id\":\"https:\\\/\\\/www.technaid.com\\\/es\\\/#website\"},\"datePublished\":\"2019-08-05T22:00:00+00:00\",\"dateModified\":\"2024-10-15T11:52:45+00:00\",\"breadcrumb\":{\"@id\":\"https:\\\/\\\/www.technaid.com\\\/es\\\/investigacion\\\/#breadcrumb\"},\"inLanguage\":\"es\",\"potentialAction\":[{\"@type\":\"ReadAction\",\"target\":[\"https:\\\/\\\/www.technaid.com\\\/es\\\/investigacion\\\/\"]}]},{\"@type\":\"BreadcrumbList\",\"@id\":\"https:\\\/\\\/www.technaid.com\\\/es\\\/investigacion\\\/#breadcrumb\",\"itemListElement\":[{\"@type\":\"ListItem\",\"position\":1,\"name\":\"Home\",\"item\":\"https:\\\/\\\/www.technaid.com\\\/es\\\/\"},{\"@type\":\"ListItem\",\"position\":2,\"name\":\"Investigaci\u00f3n\"}]},{\"@type\":\"WebSite\",\"@id\":\"https:\\\/\\\/www.technaid.com\\\/es\\\/#website\",\"url\":\"https:\\\/\\\/www.technaid.com\\\/es\\\/\",\"name\":\"Technaid\",\"description\":\"Leading Motion\",\"publisher\":{\"@id\":\"https:\\\/\\\/www.technaid.com\\\/es\\\/#organization\"},\"potentialAction\":[{\"@type\":\"SearchAction\",\"target\":{\"@type\":\"EntryPoint\",\"urlTemplate\":\"https:\\\/\\\/www.technaid.com\\\/es\\\/?s={search_term_string}\"},\"query-input\":{\"@type\":\"PropertyValueSpecification\",\"valueRequired\":true,\"valueName\":\"search_term_string\"}}],\"inLanguage\":\"es\"},{\"@type\":\"Organization\",\"@id\":\"https:\\\/\\\/www.technaid.com\\\/es\\\/#organization\",\"name\":\"Technaid, S.L.\",\"url\":\"https:\\\/\\\/www.technaid.com\\\/es\\\/\",\"logo\":{\"@type\":\"ImageObject\",\"inLanguage\":\"es\",\"@id\":\"https:\\\/\\\/www.technaid.com\\\/es\\\/#\\\/schema\\\/logo\\\/image\\\/\",\"url\":\"https:\\\/\\\/www.technaid.com\\\/wp-content\\\/uploads\\\/2025\\\/06\\\/LogoTechnaid.jpg\",\"contentUrl\":\"https:\\\/\\\/www.technaid.com\\\/wp-content\\\/uploads\\\/2025\\\/06\\\/LogoTechnaid.jpg\",\"width\":251,\"height\":193,\"caption\":\"Technaid, S.L.\"},\"image\":{\"@id\":\"https:\\\/\\\/www.technaid.com\\\/es\\\/#\\\/schema\\\/logo\\\/image\\\/\"},\"sameAs\":[\"https:\\\/\\\/www.facebook.com\\\/technaid\\\/\",\"https:\\\/\\\/x.com\\\/Technaid\",\"https:\\\/\\\/es.linkedin.com\\\/company\\\/technaid\",\"https:\\\/\\\/www.instagram.com\\\/technaid_company\\\/\"]}]}<\/script>\n<!-- \/ Yoast SEO plugin. -->","yoast_head_json":{"title":"Investigaci\u00f3n - Technaid","robots":{"index":"index","follow":"follow","max-snippet":"max-snippet:-1","max-image-preview":"max-image-preview:large","max-video-preview":"max-video-preview:-1"},"canonical":"https:\/\/www.technaid.com\/es\/investigacion\/","og_locale":"es_ES","og_type":"article","og_title":"Investigaci\u00f3n - Technaid","og_description":"Investigaci\u00f3n con ExoesqueletosTenemos el exoesqueleto para investigaci\u00f3n m\u00e1s avanzadoInvestigaci\u00f3n cient\u00edficaLidere la investigaci\u00f3n mundial sobre rehabilitaci\u00f3n y biomec\u00e1nica con nuestro exoesqueleto para investigadores Investigadores de renombre mundial como el Grupo de [&hellip;]","og_url":"https:\/\/www.technaid.com\/es\/investigacion\/","og_site_name":"Technaid","article_publisher":"https:\/\/www.facebook.com\/technaid\/","article_modified_time":"2024-10-15T11:52:45+00:00","twitter_card":"summary_large_image","twitter_site":"@Technaid","twitter_misc":{"Tiempo de lectura":"9 minutos"},"schema":{"@context":"https:\/\/schema.org","@graph":[{"@type":"WebPage","@id":"https:\/\/www.technaid.com\/es\/investigacion\/","url":"https:\/\/www.technaid.com\/es\/investigacion\/","name":"Investigaci\u00f3n - Technaid","isPartOf":{"@id":"https:\/\/www.technaid.com\/es\/#website"},"datePublished":"2019-08-05T22:00:00+00:00","dateModified":"2024-10-15T11:52:45+00:00","breadcrumb":{"@id":"https:\/\/www.technaid.com\/es\/investigacion\/#breadcrumb"},"inLanguage":"es","potentialAction":[{"@type":"ReadAction","target":["https:\/\/www.technaid.com\/es\/investigacion\/"]}]},{"@type":"BreadcrumbList","@id":"https:\/\/www.technaid.com\/es\/investigacion\/#breadcrumb","itemListElement":[{"@type":"ListItem","position":1,"name":"Home","item":"https:\/\/www.technaid.com\/es\/"},{"@type":"ListItem","position":2,"name":"Investigaci\u00f3n"}]},{"@type":"WebSite","@id":"https:\/\/www.technaid.com\/es\/#website","url":"https:\/\/www.technaid.com\/es\/","name":"Technaid","description":"Leading Motion","publisher":{"@id":"https:\/\/www.technaid.com\/es\/#organization"},"potentialAction":[{"@type":"SearchAction","target":{"@type":"EntryPoint","urlTemplate":"https:\/\/www.technaid.com\/es\/?s={search_term_string}"},"query-input":{"@type":"PropertyValueSpecification","valueRequired":true,"valueName":"search_term_string"}}],"inLanguage":"es"},{"@type":"Organization","@id":"https:\/\/www.technaid.com\/es\/#organization","name":"Technaid, S.L.","url":"https:\/\/www.technaid.com\/es\/","logo":{"@type":"ImageObject","inLanguage":"es","@id":"https:\/\/www.technaid.com\/es\/#\/schema\/logo\/image\/","url":"https:\/\/www.technaid.com\/wp-content\/uploads\/2025\/06\/LogoTechnaid.jpg","contentUrl":"https:\/\/www.technaid.com\/wp-content\/uploads\/2025\/06\/LogoTechnaid.jpg","width":251,"height":193,"caption":"Technaid, S.L."},"image":{"@id":"https:\/\/www.technaid.com\/es\/#\/schema\/logo\/image\/"},"sameAs":["https:\/\/www.facebook.com\/technaid\/","https:\/\/x.com\/Technaid","https:\/\/es.linkedin.com\/company\/technaid","https:\/\/www.instagram.com\/technaid_company\/"]}]}},"_links":{"self":[{"href":"https:\/\/www.technaid.com\/es\/wp-json\/wp\/v2\/pages\/1891","targetHints":{"allow":["GET"]}}],"collection":[{"href":"https:\/\/www.technaid.com\/es\/wp-json\/wp\/v2\/pages"}],"about":[{"href":"https:\/\/www.technaid.com\/es\/wp-json\/wp\/v2\/types\/page"}],"author":[{"embeddable":true,"href":"https:\/\/www.technaid.com\/es\/wp-json\/wp\/v2\/users\/1"}],"replies":[{"embeddable":true,"href":"https:\/\/www.technaid.com\/es\/wp-json\/wp\/v2\/comments?post=1891"}],"version-history":[{"count":18,"href":"https:\/\/www.technaid.com\/es\/wp-json\/wp\/v2\/pages\/1891\/revisions"}],"predecessor-version":[{"id":20509,"href":"https:\/\/www.technaid.com\/es\/wp-json\/wp\/v2\/pages\/1891\/revisions\/20509"}],"wp:attachment":[{"href":"https:\/\/www.technaid.com\/es\/wp-json\/wp\/v2\/media?parent=1891"}],"wp:term":[{"taxonomy":"page-category","embeddable":true,"href":"https:\/\/www.technaid.com\/es\/wp-json\/wp\/v2\/page-category?post=1891"}],"curies":[{"name":"wp","href":"https:\/\/api.w.org\/{rel}","templated":true}]}}