{"id":926,"date":"2016-05-10T00:00:00","date_gmt":"2016-05-09T22:00:00","guid":{"rendered":"https:\/\/www.technaid.com\/robotic-exoskeleton\/"},"modified":"2024-08-28T19:07:30","modified_gmt":"2024-08-28T17:07:30","slug":"robotic-exoskeleton","status":"publish","type":"page","link":"https:\/\/www.technaid.com\/es\/productos\/robotic-exoskeleton\/","title":{"rendered":"Exoesqueleto Rob\u00f3tico"},"content":{"rendered":"<p>[et_pb_section fb_built=\u00bb1&#8243; _builder_version=\u00bb4.24.2&#8243; _module_preset=\u00bbdefault\u00bb background_image=\u00bbhttps:\/\/www.technaid.com\/wp-content\/uploads\/2024\/03\/Footer-background.png\u00bb custom_padding=\u00bb0px||0px||false|false\u00bb locked=\u00bboff\u00bb global_colors_info=\u00bb{}\u00bb][et_pb_row _builder_version=\u00bb4.24.2&#8243; _module_preset=\u00bbdefault\u00bb width=\u00bb100%\u00bb max_width=\u00bb2560px\u00bb custom_padding=\u00bb0px||0px||false|false\u00bb global_colors_info=\u00bb{}\u00bb][et_pb_column type=\u00bb4_4&#8243; _builder_version=\u00bb4.24.2&#8243; _module_preset=\u00bbdefault\u00bb global_colors_info=\u00bb{}\u00bb][et_pb_slider _builder_version=\u00bb4.27.0&#8243; _module_preset=\u00bbdefault\u00bb background_color=\u00bbRGBA(255,255,255,0)\u00bb min_height=\u00bb300px\u00bb height=\u00bb21vw\u00bb auto=\u00bbon\u00bb hover_enabled=\u00bb0&#8243; global_colors_info=\u00bb{}\u00bb sticky_enabled=\u00bb0&#8243;][et_pb_slide admin_title=\u00bbLDS\u00bb _builder_version=\u00bb4.27.0&#8243; _module_preset=\u00bbdefault\u00bb background_color=\u00bbRGBA(255,255,255,0)\u00bb background_enable_color=\u00bbon\u00bb background_image=\u00bbhttps:\/\/www.technaid.com\/wp-content\/uploads\/2024\/08\/BannerWeb2024-1920_404-Exo-H2-01.png\u00bb background_enable_image=\u00bbon\u00bb custom_padding=\u00bb0px||0px||false|false\u00bb hover_enabled=\u00bb0&#8243; global_colors_info=\u00bb{}\u00bb sticky_transition=\u00bbon\u00bb alt=\u00bbExo-H2 banner\u00bb title_text=\u00bbBannerWeb2024-1920_404-Exo-H2-01&#8243; sticky_enabled=\u00bb0&#8243;][\/et_pb_slide][\/et_pb_slider][\/et_pb_column][\/et_pb_row][\/et_pb_section][et_pb_section fb_built=\u00bb1&#8243; _builder_version=\u00bb4.24.3&#8243; _module_preset=\u00bbdefault\u00bb background_color=\u00bb#324991&#8243; custom_padding=\u00bb1rem||1rem||true|false\u00bb locked=\u00bboff\u00bb global_colors_info=\u00bb{}\u00bb][et_pb_row column_structure=\u00bb1_2,1_2&#8243; _builder_version=\u00bb4.24.3&#8243; _module_preset=\u00bbdefault\u00bb custom_padding=\u00bb1rem||1rem||true|false\u00bb custom_css_main_element=\u00bbalign-items:center;||display:flex;\u00bb global_colors_info=\u00bb{}\u00bb custom_css_main_element_last_edited=\u00bbon|tablet\u00bb custom_css_main_element_tablet=\u00bbflex-direction:column;\u00bb custom_css_main_element_phone=\u00bbflex-direction:column;\u00bb][et_pb_column type=\u00bb1_2&#8243; _builder_version=\u00bb4.22.1&#8243; _module_preset=\u00bbdefault\u00bb global_colors_info=\u00bb{}\u00bb][et_pb_text _builder_version=\u00bb4.24.3&#8243; _module_preset=\u00bbdefault\u00bb text_font=\u00bb||||||||\u00bb header_text_align=\u00bbleft\u00bb header_text_color=\u00bb#FFFFFF\u00bb header_font_size=\u00bb34px\u00bb header_letter_spacing=\u00bb2px\u00bb animation_style=\u00bbslide\u00bb header_text_align_tablet=\u00bbcenter\u00bb header_text_align_phone=\u00bbcenter\u00bb header_text_align_last_edited=\u00bbon|tablet\u00bb locked=\u00bboff\u00bb global_colors_info=\u00bb{}\u00bb]<\/p>\n<h1>Exoesqueleto Rob\u00f3tico<\/h1>\n<p>[\/et_pb_text][\/et_pb_column][et_pb_column type=\u00bb1_2&#8243; _builder_version=\u00bb4.22.1&#8243; _module_preset=\u00bbdefault\u00bb global_colors_info=\u00bb{}\u00bb][et_pb_text _builder_version=\u00bb4.24.2&#8243; _module_preset=\u00bbdefault\u00bb link_text_color=\u00bb#FFFFFF\u00bb text_orientation=\u00bbright\u00bb background_layout=\u00bbdark\u00bb text_orientation_tablet=\u00bbcenter\u00bb text_orientation_phone=\u00bbcenter\u00bb text_orientation_last_edited=\u00bbon|tablet\u00bb global_colors_info=\u00bb{}\u00bb]<\/p>\n<p><span><span><span><a href=\"https:\/\/www.technaid.com\/es\/\">Home<\/a><\/span><\/span><\/span><\/p>\n<p>[\/et_pb_text][\/et_pb_column][\/et_pb_row][\/et_pb_section][et_pb_section fb_built=\u00bb1&#8243; _builder_version=\u00bb4.24.3&#8243; _module_preset=\u00bbdefault\u00bb background_color=\u00bb#FFFFFF\u00bb global_colors_info=\u00bb{}\u00bb][et_pb_row column_structure=\u00bb1_2,1_2&#8243; use_custom_gutter=\u00bbon\u00bb gutter_width=\u00bb2&#8243; _builder_version=\u00bb4.24.2&#8243; _module_preset=\u00bbdefault\u00bb custom_css_main_element=\u00bbdisplay:flex;||align-items:center;\u00bb global_colors_info=\u00bb{}\u00bb custom_css_main_element_last_edited=\u00bbon|tablet\u00bb custom_css_main_element_tablet=\u00bbdisplay:block;\u00bb custom_css_main_element_phone=\u00bbdisplay:block;\u00bb][et_pb_column type=\u00bb1_2&#8243; _builder_version=\u00bb4.24.2&#8243; _module_preset=\u00bbdefault\u00bb global_colors_info=\u00bb{}\u00bb][et_pb_gallery gallery_ids=\u00bb1589,1587,1591,1585&#8243; fullwidth=\u00bbon\u00bb _builder_version=\u00bb4.24.3&#8243; _module_preset=\u00bbdefault\u00bb global_colors_info=\u00bb{}\u00bb][\/et_pb_gallery][\/et_pb_column][et_pb_column type=\u00bb1_2&#8243; _builder_version=\u00bb4.24.2&#8243; _module_preset=\u00bbdefault\u00bb global_colors_info=\u00bb{}\u00bb][et_pb_text _builder_version=\u00bb4.24.3&#8243; _module_preset=\u00bbdefault\u00bb border_width_bottom=\u00bb1px\u00bb border_color_bottom=\u00bb#324991&#8243; global_colors_info=\u00bb{}\u00bb]<\/p>\n<h2>Exoesqueleto Rob\u00f3tico<\/h2>\n<p>[\/et_pb_text][et_pb_text _builder_version=\u00bb4.24.3&#8243; _module_preset=\u00bbdefault\u00bb text_orientation=\u00bbjustified\u00bb global_colors_info=\u00bb{}\u00bb]<\/p>\n<p>El <strong>Exo-H2<\/strong> puede emular completamente el acto de andar de una persona con par\u00e1lisis total o parcial de las piernas. De este modo, el paral\u00edtico, con el exoesqueleto puesto y la ayuda de un bast\u00f3n o similar y\/o de una persona especializada, puede andar con sus piernas. El Exo-H2 puede emular completamente el acto de andar de una persona con par\u00e1lisis total o parcial de las piernas. De este modo, el paral\u00edtico, con el exoesqueleto <strong>Exo-H2<\/strong> puesto y la ayuda de un bast\u00f3n o similar y\/o de una persona especializada, puede andar con sus piernas.<\/p>\n<p>El <strong>Exo-H2<\/strong> tambi\u00e9n est\u00e1 indicado para asistir en la marcha a personas que han perdido parcialmente la capacidad de andar o para aquellas personas que requieran \u201cvolver a aprender a andar\u201d despu\u00e9s de un accidente o enfermedad neurol\u00f3gica, tales como lesiones medulares, accidentes cerebrovasculares y en general da\u00f1o cerebral adquirido, limitando la capacidad de andar.<\/p>\n<p>Es tambi\u00e9n muy \u00fatil para tonificar las piernas y activar la circulaci\u00f3n en personas que han perdido movilidad de las piernas o tienen debilidad muscular.<\/p>\n<p>Lo que hace al exoesqueleto <strong>Exo-H2<\/strong> atractivo respecto a otros similares es que est\u00e1 dise\u00f1ado con una arquitectura abierta, la cual permite al usuario (terapeuta, profesor o investigador) modificar los par\u00e1metros de control del sistema para ajustarlo a las necesidades del paciente. As\u00ed el usuario puede sacar el m\u00e1ximo provecho al potencial del sistema, a diferencia de otros exoesqueletos que son sistemas con arquitecturas completamente cerradas.<\/p>\n<p>The <strong>Exo-H2<\/strong> has been the result of many years of research carried out by the CSIC\u2019s Bioengineering Group, whom is the proprietary of the Know-How rights and has conceded an exclusive license to Technaid S.L. for the design, manufacturing and commercial exploitation of the system.<\/p>\n<p>[\/et_pb_text][\/et_pb_column][\/et_pb_row][\/et_pb_section][et_pb_section fb_built=\u00bb1&#8243; _builder_version=\u00bb4.24.2&#8243; _module_preset=\u00bbdefault\u00bb background_color=\u00bb#fafafa\u00bb global_colors_info=\u00bb{}\u00bb][et_pb_row column_structure=\u00bb1_2,1_2&#8243; _builder_version=\u00bb4.24.2&#8243; _module_preset=\u00bbdefault\u00bb global_colors_info=\u00bb{}\u00bb][et_pb_column type=\u00bb1_2&#8243; _builder_version=\u00bb4.24.2&#8243; _module_preset=\u00bbdefault\u00bb global_colors_info=\u00bb{}\u00bb][et_pb_image src=\u00bbhttps:\/\/www.technaid.com\/wp-content\/uploads\/2024\/04\/esqueleto.png\u00bb title_text=\u00bbesqueleto\u00bb _builder_version=\u00bb4.24.3&#8243; _module_preset=\u00bbdefault\u00bb global_colors_info=\u00bb{}\u00bb][\/et_pb_image][et_pb_button button_url=\u00bb@ET-DC@eyJkeW5hbWljIjp0cnVlLCJjb250ZW50IjoicG9zdF9saW5rX3VybF9wYWdlIiwic2V0dGluZ3MiOnsicG9zdF9pZCI6IjgxMiJ9fQ==@\u00bb button_text=\u00bbFormulario de Contacto\u00bb button_alignment=\u00bbcenter\u00bb _builder_version=\u00bb4.24.2&#8243; _dynamic_attributes=\u00bbbutton_url\u00bb _module_preset=\u00bbdefault\u00bb custom_button=\u00bbon\u00bb button_text_color=\u00bb#FFFFFF\u00bb button_bg_color=\u00bb#324991&#8243; button_icon_color=\u00bb#FFFFFF\u00bb global_colors_info=\u00bb{}\u00bb][\/et_pb_button][et_pb_button button_url=\u00bb@ET-DC@eyJkeW5hbWljIjp0cnVlLCJjb250ZW50IjoicG9zdF9saW5rX3VybF9wYWdlIiwic2V0dGluZ3MiOnsicG9zdF9pZCI6Ijc4OSJ9fQ==@\u00bb button_text=\u00bbDocumentaci\u00f3n\u00bb button_alignment=\u00bbcenter\u00bb _builder_version=\u00bb4.24.2&#8243; _dynamic_attributes=\u00bbbutton_url\u00bb _module_preset=\u00bbdefault\u00bb custom_button=\u00bbon\u00bb button_text_color=\u00bb#FFFFFF\u00bb button_bg_color=\u00bb#324991&#8243; button_icon_color=\u00bb#FFFFFF\u00bb global_colors_info=\u00bb{}\u00bb][\/et_pb_button][\/et_pb_column][et_pb_column type=\u00bb1_2&#8243; _builder_version=\u00bb4.24.3&#8243; _module_preset=\u00bbdefault\u00bb global_colors_info=\u00bb{}\u00bb][et_pb_text _builder_version=\u00bb4.24.3&#8243; _module_preset=\u00bbdefault\u00bb border_width_bottom=\u00bb1px\u00bb border_color_bottom=\u00bb#324991&#8243; global_colors_info=\u00bb{}\u00bb]<\/p>\n<h2>Exoesqueleto Rob\u00f3tico &#8211; Especificaciones<\/h2>\n<p>[\/et_pb_text][et_pb_accordion icon_color=\u00bb#324991&#8243; use_icon_font_size=\u00bbon\u00bb icon_font_size=\u00bb24px\u00bb _builder_version=\u00bb4.24.3&#8243; _module_preset=\u00bbdefault\u00bb global_colors_info=\u00bb{}\u00bb][et_pb_accordion_item title=\u00bbExoesqueleto Exo-H2&#8243; open=\u00bbon\u00bb _builder_version=\u00bb4.24.3&#8243; _module_preset=\u00bbdefault\u00bb global_colors_info=\u00bb{}\u00bb]<\/p>\n<ul>\n<li>Ligero y compacto<\/li>\n<li>Arquitectura abierta para su uso en investigaci\u00f3n<\/li>\n<\/ul>\n<p>[\/et_pb_accordion_item][et_pb_accordion_item title=\u00bbCaracter\u00edsticas f\u00edsicas\u00bb icon_color=\u00bb#324991&#8243; use_icon_font_size=\u00bbon\u00bb icon_font_size=\u00bb24px\u00bb _builder_version=\u00bb4.24.3&#8243; _module_preset=\u00bbdefault\u00bb global_colors_info=\u00bb{}\u00bb open=\u00bboff\u00bb]<\/p>\n<ul>\n<li>Dimensiones:\n<ul>\n<li>1.180 mm alto<\/li>\n<li>150 mm largo (vista lateral)<\/li>\n<li>230 mm ancho (vista frontal)<\/li>\n<\/ul>\n<\/li>\n<li>Peso: Aprox. 11 Kg.<\/li>\n<li>Material de la estructura principal: Acero inoxidable y aluminio 7005.<\/li>\n<\/ul>\n<p>[\/et_pb_accordion_item][et_pb_accordion_item title=\u00bbCaracter\u00edsticas el\u00e9ctricas\u00bb _builder_version=\u00bb4.24.3&#8243; _module_preset=\u00bbdefault\u00bb global_colors_info=\u00bb{}\u00bb open=\u00bboff\u00bb]<\/p>\n<ul>\n<li>Alimentaci\u00f3n: Bater\u00eda LiFePO4 (22.4 VDC @ 12 Ah)<\/li>\n<li>Cargador: 100 \u2013 240 V AC \/ 50-60 Hz (AC Alimentaci\u00f3n)<\/li>\n<li>Tiempo de uso (23 \u00b1 3 \u2103): hasta 6 horas<\/li>\n<li>F\u00e1cil sustituci\u00f3n de la bater\u00eda para mejorar el tiempo de trabajo<\/li>\n<\/ul>\n<p>[\/et_pb_accordion_item][et_pb_accordion_item title=\u00bbCaracter\u00edsticas de comunicaci\u00f3n\u00bb _builder_version=\u00bb4.24.3&#8243; _module_preset=\u00bbdefault\u00bb global_colors_info=\u00bb{}\u00bb open=\u00bboff\u00bb]<\/p>\n<ul>\n<li>Comunicaci\u00f3n CAN<\/li>\n<li>Wifi<\/li>\n<li>Bluetooth<\/li>\n<\/ul>\n<p>[\/et_pb_accordion_item][et_pb_accordion_item title=\u00bbSensores del exoesqueleto\u00bb _builder_version=\u00bb4.24.3&#8243; _module_preset=\u00bbdefault\u00bb global_colors_info=\u00bb{}\u00bb open=\u00bboff\u00bb]<\/p>\n<ul>\n<li>Posici\u00f3n<\/li>\n<li>Torque de interacci\u00f3n<\/li>\n<li>Presi\u00f3n (punta y tal\u00f3n)<\/li>\n<\/ul>\n<p>[\/et_pb_accordion_item][et_pb_accordion_item title=\u00bbEspecificaciones de los actuadores\u00bb _builder_version=\u00bb4.24.3&#8243; _module_preset=\u00bbdefault\u00bb global_colors_info=\u00bb{}\u00bb open=\u00bboff\u00bb]<\/p>\n<ul>\n<li>6 grados de libertad en el plano sagital.<\/li>\n<li>6 Motores (caderas, rodillas y tobillos).<\/li>\n<li>6 Strain Wave Gearing.<\/li>\n<\/ul>\n<p>[\/et_pb_accordion_item][et_pb_accordion_item title=\u00bbAplicaciones\u00bb _builder_version=\u00bb4.24.3&#8243; _module_preset=\u00bbdefault\u00bb global_colors_info=\u00bb{}\u00bb open=\u00bboff\u00bb]<\/p>\n<ul>\n<li>Ingenier\u00eda biomec\u00e1nica<\/li>\n<li>Ingenier\u00eda de control<\/li>\n<li>An\u00e1lisis de la marcha<\/li>\n<li>Adaptable a sujetos desde 1.45 hasta 1.95 metros de alto. M\u00e1xima pso del usuario: 100 Kg.<\/li>\n<\/ul>\n<p>[\/et_pb_accordion_item][et_pb_accordion_item title=\u00bbServicio de atenci\u00f3n al cliente\u00bb _builder_version=\u00bb4.24.3&#8243; _module_preset=\u00bbdefault\u00bb global_colors_info=\u00bb{}\u00bb open=\u00bboff\u00bb]<\/p>\n<ul>\n<li>Articulaciones sueltas disponibles<\/li>\n<li>Actualizaciones gratuitas del firmware prioritario<\/li>\n<li>Adaptable a las necesidades espec\u00edficas del cliente (Customizaci\u00f3n)<\/li>\n<li>Atenci\u00f3n t\u00e9cnica especializada<\/li>\n<li>Soporte disponible para aplicaciones RT<\/li>\n<\/ul>\n<p>[\/et_pb_accordion_item][\/et_pb_accordion][\/et_pb_column][\/et_pb_row][\/et_pb_section]<\/p>\n","protected":false},"excerpt":{"rendered":"<p>Exoesqueleto Rob\u00f3tico<span><span><a href=\"https:\/\/www.technaid.com\/es\/\">Home<\/a><\/span><\/span>Exoesqueleto Rob\u00f3ticoEl Exo-H2 puede emular completamente el acto de andar de una persona con par\u00e1lisis total o parcial de las piernas. De este modo, el paral\u00edtico, con el exoesqueleto [&hellip;]<\/p>\n","protected":false},"author":1,"featured_media":0,"parent":960,"menu_order":0,"comment_status":"open","ping_status":"open","template":"","meta":{"_acf_changed":false,"_et_pb_use_builder":"on","_et_pb_old_content":"","_et_gb_content_width":"","footnotes":""},"page-category":[],"class_list":["post-926","page","type-page","status-publish","hentry"],"acf":[],"yoast_head":"<!-- This site is optimized with the Yoast SEO plugin v27.5 - https:\/\/yoast.com\/product\/yoast-seo-wordpress\/ -->\n<title>Exoesqueleto Rob\u00f3tico - Technaid<\/title>\n<meta name=\"robots\" content=\"index, follow, max-snippet:-1, max-image-preview:large, max-video-preview:-1\" \/>\n<link rel=\"canonical\" href=\"https:\/\/www.technaid.com\/es\/productos\/robotic-exoskeleton\/\" \/>\n<meta property=\"og:locale\" content=\"es_ES\" \/>\n<meta property=\"og:type\" content=\"article\" \/>\n<meta property=\"og:title\" content=\"Exoesqueleto Rob\u00f3tico - Technaid\" \/>\n<meta property=\"og:description\" content=\"Exoesqueleto Rob\u00f3ticoExoesqueleto Rob\u00f3ticoEl Exo-H2 puede emular completamente el acto de andar de una persona con par\u00e1lisis total o parcial de las piernas. De este modo, el paral\u00edtico, con el exoesqueleto [&hellip;]\" \/>\n<meta property=\"og:url\" content=\"https:\/\/www.technaid.com\/es\/productos\/robotic-exoskeleton\/\" \/>\n<meta property=\"og:site_name\" content=\"Technaid\" \/>\n<meta property=\"article:publisher\" content=\"https:\/\/www.facebook.com\/technaid\/\" \/>\n<meta property=\"article:modified_time\" content=\"2024-08-28T17:07:30+00:00\" \/>\n<meta name=\"twitter:card\" content=\"summary_large_image\" \/>\n<meta name=\"twitter:site\" content=\"@Technaid\" \/>\n<meta name=\"twitter:label1\" content=\"Tiempo de lectura\" \/>\n\t<meta name=\"twitter:data1\" content=\"7 minutos\" \/>\n<script type=\"application\/ld+json\" class=\"yoast-schema-graph\">{\"@context\":\"https:\\\/\\\/schema.org\",\"@graph\":[{\"@type\":\"WebPage\",\"@id\":\"https:\\\/\\\/www.technaid.com\\\/es\\\/productos\\\/robotic-exoskeleton\\\/\",\"url\":\"https:\\\/\\\/www.technaid.com\\\/es\\\/productos\\\/robotic-exoskeleton\\\/\",\"name\":\"Exoesqueleto Rob\u00f3tico - Technaid\",\"isPartOf\":{\"@id\":\"https:\\\/\\\/www.technaid.com\\\/es\\\/#website\"},\"datePublished\":\"2016-05-09T22:00:00+00:00\",\"dateModified\":\"2024-08-28T17:07:30+00:00\",\"breadcrumb\":{\"@id\":\"https:\\\/\\\/www.technaid.com\\\/es\\\/productos\\\/robotic-exoskeleton\\\/#breadcrumb\"},\"inLanguage\":\"es\",\"potentialAction\":[{\"@type\":\"ReadAction\",\"target\":[\"https:\\\/\\\/www.technaid.com\\\/es\\\/productos\\\/robotic-exoskeleton\\\/\"]}]},{\"@type\":\"BreadcrumbList\",\"@id\":\"https:\\\/\\\/www.technaid.com\\\/es\\\/productos\\\/robotic-exoskeleton\\\/#breadcrumb\",\"itemListElement\":[{\"@type\":\"ListItem\",\"position\":1,\"name\":\"Home\",\"item\":\"https:\\\/\\\/www.technaid.com\\\/es\\\/\"},{\"@type\":\"ListItem\",\"position\":2,\"name\":\"Productos\",\"item\":\"https:\\\/\\\/www.technaid.com\\\/es\\\/productos\\\/\"},{\"@type\":\"ListItem\",\"position\":3,\"name\":\"Exoesqueleto Rob\u00f3tico\"}]},{\"@type\":\"WebSite\",\"@id\":\"https:\\\/\\\/www.technaid.com\\\/es\\\/#website\",\"url\":\"https:\\\/\\\/www.technaid.com\\\/es\\\/\",\"name\":\"Technaid\",\"description\":\"Leading Motion\",\"publisher\":{\"@id\":\"https:\\\/\\\/www.technaid.com\\\/es\\\/#organization\"},\"potentialAction\":[{\"@type\":\"SearchAction\",\"target\":{\"@type\":\"EntryPoint\",\"urlTemplate\":\"https:\\\/\\\/www.technaid.com\\\/es\\\/?s={search_term_string}\"},\"query-input\":{\"@type\":\"PropertyValueSpecification\",\"valueRequired\":true,\"valueName\":\"search_term_string\"}}],\"inLanguage\":\"es\"},{\"@type\":\"Organization\",\"@id\":\"https:\\\/\\\/www.technaid.com\\\/es\\\/#organization\",\"name\":\"Technaid, S.L.\",\"url\":\"https:\\\/\\\/www.technaid.com\\\/es\\\/\",\"logo\":{\"@type\":\"ImageObject\",\"inLanguage\":\"es\",\"@id\":\"https:\\\/\\\/www.technaid.com\\\/es\\\/#\\\/schema\\\/logo\\\/image\\\/\",\"url\":\"https:\\\/\\\/www.technaid.com\\\/wp-content\\\/uploads\\\/2025\\\/06\\\/LogoTechnaid.jpg\",\"contentUrl\":\"https:\\\/\\\/www.technaid.com\\\/wp-content\\\/uploads\\\/2025\\\/06\\\/LogoTechnaid.jpg\",\"width\":251,\"height\":193,\"caption\":\"Technaid, S.L.\"},\"image\":{\"@id\":\"https:\\\/\\\/www.technaid.com\\\/es\\\/#\\\/schema\\\/logo\\\/image\\\/\"},\"sameAs\":[\"https:\\\/\\\/www.facebook.com\\\/technaid\\\/\",\"https:\\\/\\\/x.com\\\/Technaid\",\"https:\\\/\\\/es.linkedin.com\\\/company\\\/technaid\",\"https:\\\/\\\/www.instagram.com\\\/technaid_company\\\/\"]}]}<\/script>\n<!-- \/ Yoast SEO plugin. -->","yoast_head_json":{"title":"Exoesqueleto Rob\u00f3tico - Technaid","robots":{"index":"index","follow":"follow","max-snippet":"max-snippet:-1","max-image-preview":"max-image-preview:large","max-video-preview":"max-video-preview:-1"},"canonical":"https:\/\/www.technaid.com\/es\/productos\/robotic-exoskeleton\/","og_locale":"es_ES","og_type":"article","og_title":"Exoesqueleto Rob\u00f3tico - Technaid","og_description":"Exoesqueleto Rob\u00f3ticoExoesqueleto Rob\u00f3ticoEl Exo-H2 puede emular completamente el acto de andar de una persona con par\u00e1lisis total o parcial de las piernas. De este modo, el paral\u00edtico, con el exoesqueleto [&hellip;]","og_url":"https:\/\/www.technaid.com\/es\/productos\/robotic-exoskeleton\/","og_site_name":"Technaid","article_publisher":"https:\/\/www.facebook.com\/technaid\/","article_modified_time":"2024-08-28T17:07:30+00:00","twitter_card":"summary_large_image","twitter_site":"@Technaid","twitter_misc":{"Tiempo de lectura":"7 minutos"},"schema":{"@context":"https:\/\/schema.org","@graph":[{"@type":"WebPage","@id":"https:\/\/www.technaid.com\/es\/productos\/robotic-exoskeleton\/","url":"https:\/\/www.technaid.com\/es\/productos\/robotic-exoskeleton\/","name":"Exoesqueleto Rob\u00f3tico - Technaid","isPartOf":{"@id":"https:\/\/www.technaid.com\/es\/#website"},"datePublished":"2016-05-09T22:00:00+00:00","dateModified":"2024-08-28T17:07:30+00:00","breadcrumb":{"@id":"https:\/\/www.technaid.com\/es\/productos\/robotic-exoskeleton\/#breadcrumb"},"inLanguage":"es","potentialAction":[{"@type":"ReadAction","target":["https:\/\/www.technaid.com\/es\/productos\/robotic-exoskeleton\/"]}]},{"@type":"BreadcrumbList","@id":"https:\/\/www.technaid.com\/es\/productos\/robotic-exoskeleton\/#breadcrumb","itemListElement":[{"@type":"ListItem","position":1,"name":"Home","item":"https:\/\/www.technaid.com\/es\/"},{"@type":"ListItem","position":2,"name":"Productos","item":"https:\/\/www.technaid.com\/es\/productos\/"},{"@type":"ListItem","position":3,"name":"Exoesqueleto Rob\u00f3tico"}]},{"@type":"WebSite","@id":"https:\/\/www.technaid.com\/es\/#website","url":"https:\/\/www.technaid.com\/es\/","name":"Technaid","description":"Leading Motion","publisher":{"@id":"https:\/\/www.technaid.com\/es\/#organization"},"potentialAction":[{"@type":"SearchAction","target":{"@type":"EntryPoint","urlTemplate":"https:\/\/www.technaid.com\/es\/?s={search_term_string}"},"query-input":{"@type":"PropertyValueSpecification","valueRequired":true,"valueName":"search_term_string"}}],"inLanguage":"es"},{"@type":"Organization","@id":"https:\/\/www.technaid.com\/es\/#organization","name":"Technaid, S.L.","url":"https:\/\/www.technaid.com\/es\/","logo":{"@type":"ImageObject","inLanguage":"es","@id":"https:\/\/www.technaid.com\/es\/#\/schema\/logo\/image\/","url":"https:\/\/www.technaid.com\/wp-content\/uploads\/2025\/06\/LogoTechnaid.jpg","contentUrl":"https:\/\/www.technaid.com\/wp-content\/uploads\/2025\/06\/LogoTechnaid.jpg","width":251,"height":193,"caption":"Technaid, S.L."},"image":{"@id":"https:\/\/www.technaid.com\/es\/#\/schema\/logo\/image\/"},"sameAs":["https:\/\/www.facebook.com\/technaid\/","https:\/\/x.com\/Technaid","https:\/\/es.linkedin.com\/company\/technaid","https:\/\/www.instagram.com\/technaid_company\/"]}]}},"_links":{"self":[{"href":"https:\/\/www.technaid.com\/es\/wp-json\/wp\/v2\/pages\/926","targetHints":{"allow":["GET"]}}],"collection":[{"href":"https:\/\/www.technaid.com\/es\/wp-json\/wp\/v2\/pages"}],"about":[{"href":"https:\/\/www.technaid.com\/es\/wp-json\/wp\/v2\/types\/page"}],"author":[{"embeddable":true,"href":"https:\/\/www.technaid.com\/es\/wp-json\/wp\/v2\/users\/1"}],"replies":[{"embeddable":true,"href":"https:\/\/www.technaid.com\/es\/wp-json\/wp\/v2\/comments?post=926"}],"version-history":[{"count":7,"href":"https:\/\/www.technaid.com\/es\/wp-json\/wp\/v2\/pages\/926\/revisions"}],"predecessor-version":[{"id":2343,"href":"https:\/\/www.technaid.com\/es\/wp-json\/wp\/v2\/pages\/926\/revisions\/2343"}],"up":[{"embeddable":true,"href":"https:\/\/www.technaid.com\/es\/wp-json\/wp\/v2\/pages\/960"}],"wp:attachment":[{"href":"https:\/\/www.technaid.com\/es\/wp-json\/wp\/v2\/media?parent=926"}],"wp:term":[{"taxonomy":"page-category","embeddable":true,"href":"https:\/\/www.technaid.com\/es\/wp-json\/wp\/v2\/page-category?post=926"}],"curies":[{"name":"wp","href":"https:\/\/api.w.org\/{rel}","templated":true}]}}