{"id":969,"date":"2017-12-12T00:00:00","date_gmt":"2017-12-11T23:00:00","guid":{"rendered":"https:\/\/www.technaid.com\/investigacion\/exoesqueletos-roboticos-para-rehabilitacion-y-asistencia-de-pacientes-con-dano-neurologico-experiencias-y-posibilidades-en-iberoamerica\/"},"modified":"2023-03-13T00:00:00","modified_gmt":"2023-03-12T23:00:00","slug":"exoesqueletos-roboticos-para-rehabilitacion-y-asistencia-de-pacientes-con-dano-neurologico-experiencias-y-posibilidades-en-iberoamerica","status":"publish","type":"page","link":"https:\/\/www.technaid.com\/es\/publicaciones\/exoesqueletos-roboticos-para-rehabilitacion-y-asistencia-de-pacientes-con-dano-neurologico-experiencias-y-posibilidades-en-iberoamerica\/","title":{"rendered":"Exoesqueletos Rob\u00f3ticos para Rehabilitaci\u00f3n y Asistencia de Pacientes con Da\u00f1o Neurol\u00f3gico. Experiencias y Posibilidades en Iberoam\u00e9rica."},"content":{"rendered":"<p><u>Abstract<\/u><\/p>\n<p>En este libro se presentan los exoesqueletos rob\u00f3ticos para rehabilitaci\u00f3n y asistencia de pacientes con da\u00f1o neurol\u00f3gico existentes o en desarrollo en Iberoam\u00e9rica, realizando a lo largo del libro una descripci\u00f3n detallada de los mismos. A lo largo del libro, para cada exoesqueleto considerado, se han tratado, entre otros aspectos, su estructura mec\u00e1nica, su sistema de actuaci\u00f3n y de control, las interfaces hombre-m\u00e1quina empleadas, y en algunos de ellos, las experiencias cl\u00ednicas llevadas a cabo con pacientes.<\/p>\n<p>A partir de este documento se puede llegar a la conclusi\u00f3n de que, en el desarrollo de exoesqueletos rob\u00f3ticos para rehabilitaci\u00f3n y asistencia de pacientes con da\u00f1o neurol\u00f3gico, si bien existen en Iberoam\u00e9rica grupos realizando meritorios esfuerzos (destacando grupos de Brasil, Colombia, M\u00e9xico y Paraguay), con resultados homologables a grupos de primer nivel mundial, el esfuerzo global y conjunto es escaso en esta comunidad iberoamericana.<\/p>\n<p>Otra conclusi\u00f3n que se deriva de este libro es que las experiencias cl\u00ednicas en las que se hace uso de los exoesqueletos con pacientes con da\u00f1o neurol\u00f3gico son muy escasas. Es especialmente importante concentrar los esfuerzos en este \u00e1mbito, con la finalidad de verificar las mejoras que le ofrece al paciente el uso de estos dispositivos frente a terapias tradicionales.<\/p>\n<p>Enlace de descarga:<\/p>\n<p><a href=\"http:\/\/reasiste.edu.umh.es\/portfolio\/libro-reasiste\/\" target=\"_blank\" rel=\"noopener\">http:\/\/reasiste.edu.umh.es\/portfolio\/libro-reasiste\/<\/a>[vc_row][vc_column][vc_single_image image=\u00bb4007&#8243; img_size=\u00bbfull\u00bb alignment=\u00bbcenter\u00bb][\/vc_column][\/vc_row]<\/p>\n","protected":false},"excerpt":{"rendered":"<p>Abstract En este libro se presentan los exoesqueletos rob\u00f3ticos para rehabilitaci\u00f3n y asistencia de pacientes con da\u00f1o neurol\u00f3gico existentes o en desarrollo en Iberoam\u00e9rica, realizando a lo largo del libro [&hellip;]<\/p>\n","protected":false},"author":1,"featured_media":0,"parent":968,"menu_order":0,"comment_status":"closed","ping_status":"closed","template":"","meta":{"_acf_changed":false,"_et_pb_use_builder":"","_et_pb_old_content":"","_et_gb_content_width":"","footnotes":""},"page-category":[],"class_list":["post-969","page","type-page","status-publish","hentry"],"acf":[],"yoast_head":"<!-- This site is optimized with the Yoast SEO plugin v27.5 - https:\/\/yoast.com\/product\/yoast-seo-wordpress\/ -->\n<title>Exoesqueletos Rob\u00f3ticos para Rehabilitaci\u00f3n y Asistencia de Pacientes con Da\u00f1o Neurol\u00f3gico. Experiencias y Posibilidades en Iberoam\u00e9rica. - Technaid<\/title>\n<meta name=\"robots\" content=\"index, follow, max-snippet:-1, max-image-preview:large, max-video-preview:-1\" \/>\n<link rel=\"canonical\" href=\"https:\/\/www.technaid.com\/es\/publicaciones\/exoesqueletos-roboticos-para-rehabilitacion-y-asistencia-de-pacientes-con-dano-neurologico-experiencias-y-posibilidades-en-iberoamerica\/\" \/>\n<meta property=\"og:locale\" content=\"es_ES\" \/>\n<meta property=\"og:type\" content=\"article\" \/>\n<meta property=\"og:title\" content=\"Exoesqueletos Rob\u00f3ticos para Rehabilitaci\u00f3n y Asistencia de Pacientes con Da\u00f1o Neurol\u00f3gico. Experiencias y Posibilidades en Iberoam\u00e9rica. - Technaid\" \/>\n<meta property=\"og:description\" content=\"Abstract En este libro se presentan los exoesqueletos rob\u00f3ticos para rehabilitaci\u00f3n y asistencia de pacientes con da\u00f1o neurol\u00f3gico existentes o en desarrollo en Iberoam\u00e9rica, realizando a lo largo del libro [&hellip;]\" \/>\n<meta property=\"og:url\" content=\"https:\/\/www.technaid.com\/es\/publicaciones\/exoesqueletos-roboticos-para-rehabilitacion-y-asistencia-de-pacientes-con-dano-neurologico-experiencias-y-posibilidades-en-iberoamerica\/\" \/>\n<meta property=\"og:site_name\" content=\"Technaid\" \/>\n<meta property=\"article:publisher\" content=\"https:\/\/www.facebook.com\/technaid\/\" \/>\n<meta property=\"article:modified_time\" content=\"2023-03-12T23:00:00+00:00\" \/>\n<meta name=\"twitter:card\" content=\"summary_large_image\" \/>\n<meta name=\"twitter:site\" content=\"@Technaid\" \/>\n<meta name=\"twitter:label1\" content=\"Tiempo de lectura\" \/>\n\t<meta name=\"twitter:data1\" content=\"1 minuto\" \/>\n<script type=\"application\/ld+json\" class=\"yoast-schema-graph\">{\"@context\":\"https:\\\/\\\/schema.org\",\"@graph\":[{\"@type\":\"WebPage\",\"@id\":\"https:\\\/\\\/www.technaid.com\\\/es\\\/publicaciones\\\/exoesqueletos-roboticos-para-rehabilitacion-y-asistencia-de-pacientes-con-dano-neurologico-experiencias-y-posibilidades-en-iberoamerica\\\/\",\"url\":\"https:\\\/\\\/www.technaid.com\\\/es\\\/publicaciones\\\/exoesqueletos-roboticos-para-rehabilitacion-y-asistencia-de-pacientes-con-dano-neurologico-experiencias-y-posibilidades-en-iberoamerica\\\/\",\"name\":\"Exoesqueletos Rob\u00f3ticos para Rehabilitaci\u00f3n y Asistencia de Pacientes con Da\u00f1o Neurol\u00f3gico. Experiencias y Posibilidades en Iberoam\u00e9rica. - Technaid\",\"isPartOf\":{\"@id\":\"https:\\\/\\\/www.technaid.com\\\/es\\\/#website\"},\"datePublished\":\"2017-12-11T23:00:00+00:00\",\"dateModified\":\"2023-03-12T23:00:00+00:00\",\"breadcrumb\":{\"@id\":\"https:\\\/\\\/www.technaid.com\\\/es\\\/publicaciones\\\/exoesqueletos-roboticos-para-rehabilitacion-y-asistencia-de-pacientes-con-dano-neurologico-experiencias-y-posibilidades-en-iberoamerica\\\/#breadcrumb\"},\"inLanguage\":\"es\",\"potentialAction\":[{\"@type\":\"ReadAction\",\"target\":[\"https:\\\/\\\/www.technaid.com\\\/es\\\/publicaciones\\\/exoesqueletos-roboticos-para-rehabilitacion-y-asistencia-de-pacientes-con-dano-neurologico-experiencias-y-posibilidades-en-iberoamerica\\\/\"]}]},{\"@type\":\"BreadcrumbList\",\"@id\":\"https:\\\/\\\/www.technaid.com\\\/es\\\/publicaciones\\\/exoesqueletos-roboticos-para-rehabilitacion-y-asistencia-de-pacientes-con-dano-neurologico-experiencias-y-posibilidades-en-iberoamerica\\\/#breadcrumb\",\"itemListElement\":[{\"@type\":\"ListItem\",\"position\":1,\"name\":\"Home\",\"item\":\"https:\\\/\\\/www.technaid.com\\\/es\\\/\"},{\"@type\":\"ListItem\",\"position\":2,\"name\":\"Publicaciones\",\"item\":\"https:\\\/\\\/www.technaid.com\\\/es\\\/publicaciones\\\/\"},{\"@type\":\"ListItem\",\"position\":3,\"name\":\"Exoesqueletos Rob\u00f3ticos para Rehabilitaci\u00f3n y Asistencia de Pacientes con Da\u00f1o Neurol\u00f3gico. Experiencias y Posibilidades en Iberoam\u00e9rica.\"}]},{\"@type\":\"WebSite\",\"@id\":\"https:\\\/\\\/www.technaid.com\\\/es\\\/#website\",\"url\":\"https:\\\/\\\/www.technaid.com\\\/es\\\/\",\"name\":\"Technaid\",\"description\":\"Leading Motion\",\"publisher\":{\"@id\":\"https:\\\/\\\/www.technaid.com\\\/es\\\/#organization\"},\"potentialAction\":[{\"@type\":\"SearchAction\",\"target\":{\"@type\":\"EntryPoint\",\"urlTemplate\":\"https:\\\/\\\/www.technaid.com\\\/es\\\/?s={search_term_string}\"},\"query-input\":{\"@type\":\"PropertyValueSpecification\",\"valueRequired\":true,\"valueName\":\"search_term_string\"}}],\"inLanguage\":\"es\"},{\"@type\":\"Organization\",\"@id\":\"https:\\\/\\\/www.technaid.com\\\/es\\\/#organization\",\"name\":\"Technaid, S.L.\",\"url\":\"https:\\\/\\\/www.technaid.com\\\/es\\\/\",\"logo\":{\"@type\":\"ImageObject\",\"inLanguage\":\"es\",\"@id\":\"https:\\\/\\\/www.technaid.com\\\/es\\\/#\\\/schema\\\/logo\\\/image\\\/\",\"url\":\"https:\\\/\\\/www.technaid.com\\\/wp-content\\\/uploads\\\/2025\\\/06\\\/LogoTechnaid.jpg\",\"contentUrl\":\"https:\\\/\\\/www.technaid.com\\\/wp-content\\\/uploads\\\/2025\\\/06\\\/LogoTechnaid.jpg\",\"width\":251,\"height\":193,\"caption\":\"Technaid, S.L.\"},\"image\":{\"@id\":\"https:\\\/\\\/www.technaid.com\\\/es\\\/#\\\/schema\\\/logo\\\/image\\\/\"},\"sameAs\":[\"https:\\\/\\\/www.facebook.com\\\/technaid\\\/\",\"https:\\\/\\\/x.com\\\/Technaid\",\"https:\\\/\\\/es.linkedin.com\\\/company\\\/technaid\",\"https:\\\/\\\/www.instagram.com\\\/technaid_company\\\/\"]}]}<\/script>\n<!-- \/ Yoast SEO plugin. -->","yoast_head_json":{"title":"Exoesqueletos Rob\u00f3ticos para Rehabilitaci\u00f3n y Asistencia de Pacientes con Da\u00f1o Neurol\u00f3gico. Experiencias y Posibilidades en Iberoam\u00e9rica. - Technaid","robots":{"index":"index","follow":"follow","max-snippet":"max-snippet:-1","max-image-preview":"max-image-preview:large","max-video-preview":"max-video-preview:-1"},"canonical":"https:\/\/www.technaid.com\/es\/publicaciones\/exoesqueletos-roboticos-para-rehabilitacion-y-asistencia-de-pacientes-con-dano-neurologico-experiencias-y-posibilidades-en-iberoamerica\/","og_locale":"es_ES","og_type":"article","og_title":"Exoesqueletos Rob\u00f3ticos para Rehabilitaci\u00f3n y Asistencia de Pacientes con Da\u00f1o Neurol\u00f3gico. Experiencias y Posibilidades en Iberoam\u00e9rica. - Technaid","og_description":"Abstract En este libro se presentan los exoesqueletos rob\u00f3ticos para rehabilitaci\u00f3n y asistencia de pacientes con da\u00f1o neurol\u00f3gico existentes o en desarrollo en Iberoam\u00e9rica, realizando a lo largo del libro [&hellip;]","og_url":"https:\/\/www.technaid.com\/es\/publicaciones\/exoesqueletos-roboticos-para-rehabilitacion-y-asistencia-de-pacientes-con-dano-neurologico-experiencias-y-posibilidades-en-iberoamerica\/","og_site_name":"Technaid","article_publisher":"https:\/\/www.facebook.com\/technaid\/","article_modified_time":"2023-03-12T23:00:00+00:00","twitter_card":"summary_large_image","twitter_site":"@Technaid","twitter_misc":{"Tiempo de lectura":"1 minuto"},"schema":{"@context":"https:\/\/schema.org","@graph":[{"@type":"WebPage","@id":"https:\/\/www.technaid.com\/es\/publicaciones\/exoesqueletos-roboticos-para-rehabilitacion-y-asistencia-de-pacientes-con-dano-neurologico-experiencias-y-posibilidades-en-iberoamerica\/","url":"https:\/\/www.technaid.com\/es\/publicaciones\/exoesqueletos-roboticos-para-rehabilitacion-y-asistencia-de-pacientes-con-dano-neurologico-experiencias-y-posibilidades-en-iberoamerica\/","name":"Exoesqueletos Rob\u00f3ticos para Rehabilitaci\u00f3n y Asistencia de Pacientes con Da\u00f1o Neurol\u00f3gico. Experiencias y Posibilidades en Iberoam\u00e9rica. - Technaid","isPartOf":{"@id":"https:\/\/www.technaid.com\/es\/#website"},"datePublished":"2017-12-11T23:00:00+00:00","dateModified":"2023-03-12T23:00:00+00:00","breadcrumb":{"@id":"https:\/\/www.technaid.com\/es\/publicaciones\/exoesqueletos-roboticos-para-rehabilitacion-y-asistencia-de-pacientes-con-dano-neurologico-experiencias-y-posibilidades-en-iberoamerica\/#breadcrumb"},"inLanguage":"es","potentialAction":[{"@type":"ReadAction","target":["https:\/\/www.technaid.com\/es\/publicaciones\/exoesqueletos-roboticos-para-rehabilitacion-y-asistencia-de-pacientes-con-dano-neurologico-experiencias-y-posibilidades-en-iberoamerica\/"]}]},{"@type":"BreadcrumbList","@id":"https:\/\/www.technaid.com\/es\/publicaciones\/exoesqueletos-roboticos-para-rehabilitacion-y-asistencia-de-pacientes-con-dano-neurologico-experiencias-y-posibilidades-en-iberoamerica\/#breadcrumb","itemListElement":[{"@type":"ListItem","position":1,"name":"Home","item":"https:\/\/www.technaid.com\/es\/"},{"@type":"ListItem","position":2,"name":"Publicaciones","item":"https:\/\/www.technaid.com\/es\/publicaciones\/"},{"@type":"ListItem","position":3,"name":"Exoesqueletos Rob\u00f3ticos para Rehabilitaci\u00f3n y Asistencia de Pacientes con Da\u00f1o Neurol\u00f3gico. Experiencias y Posibilidades en Iberoam\u00e9rica."}]},{"@type":"WebSite","@id":"https:\/\/www.technaid.com\/es\/#website","url":"https:\/\/www.technaid.com\/es\/","name":"Technaid","description":"Leading Motion","publisher":{"@id":"https:\/\/www.technaid.com\/es\/#organization"},"potentialAction":[{"@type":"SearchAction","target":{"@type":"EntryPoint","urlTemplate":"https:\/\/www.technaid.com\/es\/?s={search_term_string}"},"query-input":{"@type":"PropertyValueSpecification","valueRequired":true,"valueName":"search_term_string"}}],"inLanguage":"es"},{"@type":"Organization","@id":"https:\/\/www.technaid.com\/es\/#organization","name":"Technaid, S.L.","url":"https:\/\/www.technaid.com\/es\/","logo":{"@type":"ImageObject","inLanguage":"es","@id":"https:\/\/www.technaid.com\/es\/#\/schema\/logo\/image\/","url":"https:\/\/www.technaid.com\/wp-content\/uploads\/2025\/06\/LogoTechnaid.jpg","contentUrl":"https:\/\/www.technaid.com\/wp-content\/uploads\/2025\/06\/LogoTechnaid.jpg","width":251,"height":193,"caption":"Technaid, S.L."},"image":{"@id":"https:\/\/www.technaid.com\/es\/#\/schema\/logo\/image\/"},"sameAs":["https:\/\/www.facebook.com\/technaid\/","https:\/\/x.com\/Technaid","https:\/\/es.linkedin.com\/company\/technaid","https:\/\/www.instagram.com\/technaid_company\/"]}]}},"_links":{"self":[{"href":"https:\/\/www.technaid.com\/es\/wp-json\/wp\/v2\/pages\/969","targetHints":{"allow":["GET"]}}],"collection":[{"href":"https:\/\/www.technaid.com\/es\/wp-json\/wp\/v2\/pages"}],"about":[{"href":"https:\/\/www.technaid.com\/es\/wp-json\/wp\/v2\/types\/page"}],"author":[{"embeddable":true,"href":"https:\/\/www.technaid.com\/es\/wp-json\/wp\/v2\/users\/1"}],"replies":[{"embeddable":true,"href":"https:\/\/www.technaid.com\/es\/wp-json\/wp\/v2\/comments?post=969"}],"version-history":[{"count":0,"href":"https:\/\/www.technaid.com\/es\/wp-json\/wp\/v2\/pages\/969\/revisions"}],"up":[{"embeddable":true,"href":"https:\/\/www.technaid.com\/es\/wp-json\/wp\/v2\/pages\/968"}],"wp:attachment":[{"href":"https:\/\/www.technaid.com\/es\/wp-json\/wp\/v2\/media?parent=969"}],"wp:term":[{"taxonomy":"page-category","embeddable":true,"href":"https:\/\/www.technaid.com\/es\/wp-json\/wp\/v2\/page-category?post=969"}],"curies":[{"name":"wp","href":"https:\/\/api.w.org\/{rel}","templated":true}]}}